{"id":112,"date":"2019-07-10T12:52:19","date_gmt":"2019-07-10T15:22:19","guid":{"rendered":"http:\/\/www.amazontripperu.com\/?p=112"},"modified":"2025-02-21T19:48:05","modified_gmt":"2025-02-21T22:18:05","slug":"manu-wildlife-ecological-hot-spring-5-days","status":"publish","type":"page","link":"https:\/\/www.amazontripperu.com\/es\/peru-tours\/amazon-tours\/manu-wildlife-ecological-hot-spring-5-days\/","title":{"rendered":"Manu Wildlife Ecol\u00f3gico + Aguas Termales 5dias"},"content":{"rendered":"<p><\/p>\n<h2>Dia 01: Cusco \u2013 Bosque De Nubes \u2013 Caminatas \u2013 Pilcopata Lodge.<\/h2>\n<p>Nuestra Expedici\u00f3n a la Selva comienza a las 6.00am a trav\u00e9s de los Andes desde la ciudad de Cusco, en una mini Van Privado, con destino a la Selva Tropical. Primera Visita las tumbas pre incas del sitio arqueol\u00f3gico de Ninamarca. Luego, cruzaremos el T\u00edpico y Pintoresco Pueblo de Paucartambo con una breve descripci\u00f3n de los estilos de vida y la ropa colorida de los locales, antes de la entrada al Parque Nacional Manu. Que tiene una altitud m\u00e1xima de 3,900 m \/ 12,790 pies. F. Desde all\u00ed entraremos en el Misterioso Bosque Nuboso lleno de orqu\u00eddeas, heliconias y helechos primitivos en el Bosque Nubes. Despu\u00e9s del almuerzo, veremos el Ave Nacional del Per\u00fa, el gallito de la Rocas (Rupicola Peruviana), los quetzales, el P\u00e1jaro Paraguas Amaz\u00f3nico, los Trogones (Trogon sp.), El mono m\u00e1s grande del Per\u00fa (monos choro), algunos Capuchinos Marrones y con suerte l \u00fanico Oso de Anteojos de Am\u00e9rica del Sur, para que pueda disfrutar viendo los paisajes de diferentes niveles de monta\u00f1as. Por la tarde, llegamos a la aldea de Pilcopata.<\/p>\n<h2>Dia 02: Pilcopata &#8211; Manu Rainforest Lodge- Paseos En Bote &#8211; Caminatas &#8211; Lago Machuwasi.<\/h2>\n<p>Despertar\u00e1 con el canto de los p\u00e1jaros amaz\u00f3nicos a la hora del desayuno y luego continuaremos en furgoneta hasta el puerto de Atalaya, en el camino, nos detendremos para visitar las plantaciones de coca. Tambi\u00e9n hay una bonita vista para ver la Selva Tropical de tierras bajas. Luego navegaremos en bote a trav\u00e9s de este r\u00edo cristalino de Madre de Dios. Explorando la vida salvaje y el gran lago Machuhuasi Oxbow, donde tomaremos una balsa y veremos el ave prehist\u00f3rica Hoatzin y caminaremos por el bosque primario en busca de algunas familias de monos, pecar\u00edes, mientras tanto, se le proporcionar\u00e1n algunas explicaciones sobre plantas medicinales, reptiles y mam\u00edferos, tal vez Capibaras, el roedor m\u00e1s grande del mundo. Caminando varias horas por el lago observando caimanes, garzas, oropendolas, tucanes y monos hasta el atardecer. Despu\u00e9s de oscuros Paseos Nocturnos por la Jungla.<\/p>\n<h2>Dia 03: Manu Rainforest Lodge\u2013 Collpa De Loros \u2013Full Caminatas &#8211; Terapia De Barro.<\/h2>\n<p>Saldremos temprano para visitar la gran Collpa De Loros para ver cientos de periquitos y peque\u00f1os guacamayos que comen sales minerales. Despu\u00e9s del desayuno, tenemos 03 horas para explorar el bosque primario, juntos a los arboles gigantes de Ceibas la Madre de la Selva. Siempre viendo guacamayos tucanes, serpientes, tal vez un Jaguar (Panthera Onca) que descansa sobre un tronco. Despu\u00e9s del almuerzo disfrutaremos de la curaci\u00f3n de la terapia de arcilla en la jungla y de la nataci\u00f3n en el R\u00edo Manu. Siempre buscando algunas Aves Ex\u00f3ticas, especialmente para Ornit\u00f3logos y quiz\u00e1s el mono aullador rojo m\u00e1s grande.<\/p>\n<h2>DIA 04: AMAZON LODGE- AGUAS CALIENTES \u2013 COMUNIDAD NATIVA DE SHINTUYA.<\/h2>\n<p>Este d\u00eda continuamos con nuestro viaje en bote a lo largo del ri\u00f3 alto madre de Dios En el trayecto\u00a0 observaremos muchas especies de \u00a0aves como las diferentes\u00a0 especies de\u00a0 garzas, loros, orop\u00e9ndolas, garrapateros y los gallinazos, pasando por varias comunidades colonas que viven a lo largo del r\u00edo as\u00ed mismo visitaremos a la \u00a0comunidades nativas de Shintuya \u00a0donde\u00a0 tendremos una caminata en la Poblaci\u00f3n observando sus casas t\u00edpicas .Despu\u00e9s de un descanso nos dirigimos r\u00edo abajo \u00a0para poder visitar unas cataratas o ca\u00eddas de agua luego de disfrutar los paisajes hermosos de este lugar retornamos al lugar Natural de las Aguas Termales o aguas calientes que tiene propiedades medicinales as\u00ed como para las artritis y dolores de hueso y en la tarde retornamos\u00a0 hasta nuestro Albergue amazon lodge. Adtividad nocturna opcional. <strong>.noche en Albergue con ba\u00f1os y duchas disponibles.<\/strong><\/p>\n<h2>Day 05: Manu Rainforest Lodge \u2013 Atalaya \u2013 Bosque de Nubes &#8211; Cusco.<\/h2>\n<p>Caminatas guiadas por la ma\u00f1ana a lo largo del bosque para buscar las guacamayas y disfrutar de un sabroso desayuno y prepararse para empacar. Salimos de nuestro albergue a Atalaya en bote. Luego, en furgoneta privada a Cusco. dejar cerca de la plaza principal. Aprox. 5pm.<\/p>","protected":false},"excerpt":{"rendered":"<p>Dia 01: Cusco \u2013 Bosque De Nubes \u2013 Caminatas \u2013 Pilcopata Lodge. Nuestra Expedici\u00f3n a la Selva comienza a las 6.00am a trav\u00e9s de los Andes desde la ciudad de Cusco, en una mini Van Privado, con destino a la Selva Tropical. Primera Visita las tumbas pre incas del sitio arqueol\u00f3gico de Ninamarca. Luego, cruzaremos &hellip; <\/p>\n<p class=\"link-more\"><a href=\"https:\/\/www.amazontripperu.com\/es\/peru-tours\/amazon-tours\/manu-wildlife-ecological-hot-spring-5-days\/\" class=\"more-link\">Continuar leyendo<span class=\"screen-reader-text\"> \u00abManu Wildlife Ecol\u00f3gico + Aguas Termales 5dias\u00bb<\/span><\/a><\/p>\n","protected":false},"author":1,"featured_media":3455,"parent":3065,"menu_order":0,"comment_status":"closed","ping_status":"closed","template":"page-templates\/tour-theme.php","meta":{"_acf_changed":false,"footnotes":""},"categories":[33],"tags":[],"class_list":["post-112","page","type-page","status-publish","has-post-thumbnail","hentry","category-amazon-tours"],"acf":[],"_links":{"self":[{"href":"https:\/\/www.amazontripperu.com\/es\/wp-json\/wp\/v2\/pages\/112","targetHints":{"allow":["GET"]}}],"collection":[{"href":"https:\/\/www.amazontripperu.com\/es\/wp-json\/wp\/v2\/pages"}],"about":[{"href":"https:\/\/www.amazontripperu.com\/es\/wp-json\/wp\/v2\/types\/page"}],"author":[{"embeddable":true,"href":"https:\/\/www.amazontripperu.com\/es\/wp-json\/wp\/v2\/users\/1"}],"replies":[{"embeddable":true,"href":"https:\/\/www.amazontripperu.com\/es\/wp-json\/wp\/v2\/comments?post=112"}],"version-history":[{"count":5,"href":"https:\/\/www.amazontripperu.com\/es\/wp-json\/wp\/v2\/pages\/112\/revisions"}],"predecessor-version":[{"id":3457,"href":"https:\/\/www.amazontripperu.com\/es\/wp-json\/wp\/v2\/pages\/112\/revisions\/3457"}],"up":[{"embeddable":true,"href":"https:\/\/www.amazontripperu.com\/es\/wp-json\/wp\/v2\/pages\/3065"}],"wp:featuredmedia":[{"embeddable":true,"href":"https:\/\/www.amazontripperu.com\/es\/wp-json\/wp\/v2\/media\/3455"}],"wp:attachment":[{"href":"https:\/\/www.amazontripperu.com\/es\/wp-json\/wp\/v2\/media?parent=112"}],"wp:term":[{"taxonomy":"category","embeddable":true,"href":"https:\/\/www.amazontripperu.com\/es\/wp-json\/wp\/v2\/categories?post=112"},{"taxonomy":"post_tag","embeddable":true,"href":"https:\/\/www.amazontripperu.com\/es\/wp-json\/wp\/v2\/tags?post=112"}],"curies":[{"name":"wp","href":"https:\/\/api.w.org\/{rel}","templated":true}]}}