{"id":1195,"date":"2017-12-18T15:13:02","date_gmt":"2017-12-18T17:43:02","guid":{"rendered":"http:\/\/www.amazontripperu.com\/?p=1195"},"modified":"2023-01-04T20:29:57","modified_gmt":"2023-01-04T22:59:57","slug":"city-tour-cusco-medio-dia","status":"publish","type":"page","link":"https:\/\/www.amazontripperu.com\/es\/peru-tours\/day-trips-in-cusco\/city-tour-cusco-medio-dia\/","title":{"rendered":"CITY TOUR CUSCO MEDIO DIA"},"content":{"rendered":"<p>Cusco o Qosqo en quechua era la capital del imperio inca llamado Tawantinsuyo.<\/p>\n<p>Cusco, con su especial belleza y encanto, es considerada la capital arqueol\u00f3gica de Am\u00e9rica del Sur y un legado cultural de la humanidad.<\/p>\n<p>Sin duda, Cusco es el destino tur\u00edstico m\u00e1s importante del Per\u00fa debido a Machu Picchu. Las calles de la ciudad est\u00e1n llenas de la historia de nuestro pa\u00eds. Se pueden observar las diferentes etapas de la evoluci\u00f3n desde la antig\u00fcedad hasta la conquista y sus consecuencias. Tambi\u00e9n tiene varias catedrales majestuosas y numerosos museos para explorar.<\/p>\n<p>Cusco es tambi\u00e9n la cuna de Machu Picchu, una ciudadela secreta y m\u00e1gica y recientemente nombrada; Una de las siete nuevas maravillas del mundo, que muestra el trabajo m\u00e1s refinado del genio inca. Por fin, Cusco, adem\u00e1s de los numerosos sitios arqueol\u00f3gicos para visitar, es uno de los lugares m\u00e1s auspiciosos para hacer caminatas incre\u00edbles y descubrir paisajes y mucho m\u00e1s.<\/p>\n<div class=\"Precios\"><\/div>\n<p>Por la tarde, lo recogeremos de su hotel para visitar la Ciudad Imperial. Es un ejemplo vivo de la mezcla de la cultura andina y espa\u00f1ola. Comenzamos el recorrido en el Convento de Santo Domingo construido sobre el KORICANCHA, que era el antiguo Palacio Inca y el principal centro de adoraci\u00f3n del Dios Sol.<\/p>\n<p>Te dan mucho tiempo para disfrutar de estos incre\u00edbles sitios. Desde all\u00ed visitamos el sitio arqueol\u00f3gico de SACSAYHUAMAN, con su impresionante arquitectura inca, que domina la ciudad. Finalmente, exploramos los sitios arqueol\u00f3gicos de Q\u2019ENQO, PUCAPUCARA y TAMBOMACHAY, que se encuentran en la secci\u00f3n noreste de la ciudad. Regresar\u00e1 a su hotel en Cusco a primera hora de la tarde.<\/p>\n<p>&nbsp;<\/p>\n<ul>\n<li><strong>ALTITUD:<\/strong> 3400 m \/ 11200 pies.<\/li>\n<li><strong>CLIMA:<\/strong> Caliente y soleado de d\u00eda y fr\u00edo de noche.<\/li>\n<li><strong>TEMPORADA SECA:<\/strong>\u00a0 Abril a octubre.<\/li>\n<li><strong>TEMPORADA DE LLUVIA:<\/strong> Noviembre a marzo.<\/li>\n<\/ul>\n<p><\/p>","protected":false},"excerpt":{"rendered":"<p>Cusco o Qosqo en quechua era la capital del imperio inca llamado Tawantinsuyo. Cusco, con su especial belleza y encanto, es considerada la capital arqueol\u00f3gica de Am\u00e9rica del Sur y un legado cultural de la humanidad. Sin duda, Cusco es el destino tur\u00edstico m\u00e1s importante del Per\u00fa debido a Machu Picchu. Las calles de la &hellip; <\/p>\n<p class=\"link-more\"><a href=\"https:\/\/www.amazontripperu.com\/es\/peru-tours\/day-trips-in-cusco\/city-tour-cusco-medio-dia\/\" class=\"more-link\">Continuar leyendo<span class=\"screen-reader-text\"> \u00abCITY TOUR CUSCO MEDIO DIA\u00bb<\/span><\/a><\/p>\n","protected":false},"author":1,"featured_media":2577,"parent":3072,"menu_order":0,"comment_status":"closed","ping_status":"closed","template":"page-templates\/tour-theme.php","meta":{"_acf_changed":false,"footnotes":""},"categories":[1,42],"tags":[],"class_list":["post-1195","page","type-page","status-publish","has-post-thumbnail","hentry","category-all-tours","category-day-trips-cusco"],"acf":[],"_links":{"self":[{"href":"https:\/\/www.amazontripperu.com\/es\/wp-json\/wp\/v2\/pages\/1195","targetHints":{"allow":["GET"]}}],"collection":[{"href":"https:\/\/www.amazontripperu.com\/es\/wp-json\/wp\/v2\/pages"}],"about":[{"href":"https:\/\/www.amazontripperu.com\/es\/wp-json\/wp\/v2\/types\/page"}],"author":[{"embeddable":true,"href":"https:\/\/www.amazontripperu.com\/es\/wp-json\/wp\/v2\/users\/1"}],"replies":[{"embeddable":true,"href":"https:\/\/www.amazontripperu.com\/es\/wp-json\/wp\/v2\/comments?post=1195"}],"version-history":[{"count":5,"href":"https:\/\/www.amazontripperu.com\/es\/wp-json\/wp\/v2\/pages\/1195\/revisions"}],"predecessor-version":[{"id":3126,"href":"https:\/\/www.amazontripperu.com\/es\/wp-json\/wp\/v2\/pages\/1195\/revisions\/3126"}],"up":[{"embeddable":true,"href":"https:\/\/www.amazontripperu.com\/es\/wp-json\/wp\/v2\/pages\/3072"}],"wp:featuredmedia":[{"embeddable":true,"href":"https:\/\/www.amazontripperu.com\/es\/wp-json\/wp\/v2\/media\/2577"}],"wp:attachment":[{"href":"https:\/\/www.amazontripperu.com\/es\/wp-json\/wp\/v2\/media?parent=1195"}],"wp:term":[{"taxonomy":"category","embeddable":true,"href":"https:\/\/www.amazontripperu.com\/es\/wp-json\/wp\/v2\/categories?post=1195"},{"taxonomy":"post_tag","embeddable":true,"href":"https:\/\/www.amazontripperu.com\/es\/wp-json\/wp\/v2\/tags?post=1195"}],"curies":[{"name":"wp","href":"https:\/\/api.w.org\/{rel}","templated":true}]}}