{"id":12,"date":"2017-04-04T11:47:48","date_gmt":"2017-04-04T11:47:48","guid":{"rendered":"http:\/\/www.amazontripperu.com\/?page_id=12"},"modified":"2023-07-26T14:10:07","modified_gmt":"2023-07-26T16:40:07","slug":"about-us","status":"publish","type":"page","link":"https:\/\/www.amazontripperu.com\/es\/about-us\/","title":{"rendered":"Acerca de Nosotros"},"content":{"rendered":"<p><strong>Amazon Trip Peru<\/strong> \u00b4\u00b4 es un operador tur\u00edstico local y una agencia de viajes sostenible que apoya en el Parque Nacional Manu y la Reserva Nacional Tambopata. Que incorpora los principios universales del turismo. Con esto en mente, hemos capacitado a todo nuestro personal dentro de estos principios.<\/p>\n<p>Ofrecemos experiencias amaz\u00f3nicas incomparables a \u00e1reas silvestres desconocidas y v\u00edrgenes. Nuestros tours amaz\u00f3nicos son espec\u00edficos y cuidadosamente dise\u00f1ados para satisfacer sus necesidades del visitante. \u00a1Nuestra pasi\u00f3n es compartir nuestros tours amaz\u00f3nicos con usted a trav\u00e9s de las incre\u00edbles expediciones de vida silvestre que la selva peruana tiene para ofrecer!. Recomendamos encarecidamente nuestras expediciones al manu y otros lugares como una forma notable y perspicaz de salir del camino com\u00fan y experimentar la autenticidad de la Amazon\u00eda peruana. Tenemos el servicio de la m\u00e1s alta calidad, una reputaci\u00f3n excepcional porque podemos garantizar el mejor servicio de calidad a trav\u00e9s de nuestro personal de Amazon Trip Peru y gu\u00edas nativos para operar estrictamente nuestros viajes a la selva de Per\u00fa.<\/p>\n<h2>\u00bfCu\u00e1ndo comenz\u00f3 Amazon Trip Per\u00fa?<\/h2>\n<p>La empresa comenz\u00f3 en 2018, su propietario es Percy Huanca que naci\u00f3 en el Parque Nacional del Manu y estudi\u00f3 all\u00ed, un gu\u00eda tur\u00edstico nativo de la familia Matsiguenka, se apasion\u00f3 por brindar a los visitantes ecoturismo brindando la mejor calidad de servicio posible. \u00a1Abri\u00f3 la compa\u00f1\u00eda de viajes Amazon Trip Peru y desde entonces ha sido uno de los principales operadores tur\u00edsticos dentro de la regi\u00f3n amazonia de peruano!<\/p>\n<h2>\u00bfPor qu\u00e9 se inici\u00f3 Amazon Trip Per\u00fa?<\/h2>\n<p>El propietario de Amazon Trip Per\u00fa, Percy quer\u00eda crear m\u00e1s oportunidades de trabajo para las comunidades nativas, a lo largo del parque nacional manu y Tambopata. \u00c9l emplea a estas comunidades para ayudar a que crezcan mejores condiciones vida para ellos en \u00e1reas como la autosostenibilidad, la educaci\u00f3n y la reforestaci\u00f3n con \u00e1rboles perdidos como el cedro, la ceiba y el nogal brasile\u00f1o. nuestro personal que trabaja con Amazon Trip Per\u00fa recibe un mejor salario que la mayor\u00eda de los operadores tur\u00edsticos y respeta el bienestar de sus trabajadores para retribuir y apoyar a sus familias, especialmente a los ni\u00f1os de las comunidades nativas para que estudien en la escuela en su propio dialecto.<\/p>\n<h2>\u00bfPor qu\u00e9 debo viajar con Amazon Trip Per\u00fa?<\/h2>\n<p>Amazon Trip Per\u00fa es un operador tur\u00edstico local y familiar con sede en Cusco, con experiencia personal durante muchos a\u00f1os en la selva tropical peruana. Amazon Tri Per\u00fa es una empresa 100% amaz\u00f3nica sin accionistas. Brindamos un servicio de alta calidad y nos enfocamos en tener grupos peque\u00f1os y tours privados a la selva para mejorar la experiencia de viaje. Nuestros grupos nunca superan las 10 personas. Esto es lo que nos diferencia de otros operadores tur\u00edsticos.<\/p>\n<p>&nbsp;<\/p>\n<h2>Nuestras Metas<\/h2>\n<ul>\n<li>Brindar recorridos informativos por el parque nacional del manu y Tambopata.<\/li>\n<li>Educar sobre la cultura e historia nativa.<\/li>\n<li>Ofrecer una experiencia de vida silvestre memorable y entretenida.<\/li>\n<li>Mantener una empresa de propiedad 100 por ciento local.<\/li>\n<li>Mantener la visi\u00f3n de apoyar a nuestras comunidades nativas reinvirtiendo en ellas<\/li>\n<li>Sensibilizar en ser socialmente responsables mediante la creaci\u00f3n de proyectos sociales para promover nuestra causa.<\/li>\n<\/ul>\n<h2>Nuestra visi\u00f3n<\/h2>\n<ul>\n<li>Para crear experiencias amaz\u00f3nicas inolvidables<\/li>\n<li>Brindar un servicio personalizado de alta calidad.<\/li>\n<li>Contribuir como empresa al desarrollo del sector tur\u00edstico<\/li>\n<li>Ofrecer tours en la selva de alta calidad con grupos peque\u00f1os manteniendo un precio razonable.<\/li>\n<li>Utilizar \u00fanicamente nuestro propio personal y gu\u00edas capacitados profesionalmente y ecolodges de alta calidad.<\/li>\n<li>Crear en nuestros visitantes una admiraci\u00f3n hacia el legado de la cultura, el patrimonio y la historia amaz\u00f3nica.<\/li>\n<\/ul>\n<p><\/p>","protected":false},"excerpt":{"rendered":"<p>Amazon Trip Peru \u00b4\u00b4 es un operador tur\u00edstico local y una agencia de viajes sostenible que apoya en el Parque Nacional Manu y la Reserva Nacional Tambopata. Que incorpora los principios universales del turismo. Con esto en mente, hemos capacitado a todo nuestro personal dentro de estos principios. Ofrecemos experiencias amaz\u00f3nicas incomparables a \u00e1reas silvestres &hellip; <\/p>\n<p class=\"link-more\"><a href=\"https:\/\/www.amazontripperu.com\/es\/about-us\/\" class=\"more-link\">Continuar leyendo<span class=\"screen-reader-text\"> \u00abAcerca de Nosotros\u00bb<\/span><\/a><\/p>\n","protected":false},"author":1,"featured_media":2768,"parent":0,"menu_order":0,"comment_status":"closed","ping_status":"closed","template":"","meta":{"_acf_changed":false,"footnotes":""},"categories":[],"tags":[],"class_list":["post-12","page","type-page","status-publish","has-post-thumbnail","hentry"],"acf":[],"_links":{"self":[{"href":"https:\/\/www.amazontripperu.com\/es\/wp-json\/wp\/v2\/pages\/12","targetHints":{"allow":["GET"]}}],"collection":[{"href":"https:\/\/www.amazontripperu.com\/es\/wp-json\/wp\/v2\/pages"}],"about":[{"href":"https:\/\/www.amazontripperu.com\/es\/wp-json\/wp\/v2\/types\/page"}],"author":[{"embeddable":true,"href":"https:\/\/www.amazontripperu.com\/es\/wp-json\/wp\/v2\/users\/1"}],"replies":[{"embeddable":true,"href":"https:\/\/www.amazontripperu.com\/es\/wp-json\/wp\/v2\/comments?post=12"}],"version-history":[{"count":5,"href":"https:\/\/www.amazontripperu.com\/es\/wp-json\/wp\/v2\/pages\/12\/revisions"}],"predecessor-version":[{"id":3364,"href":"https:\/\/www.amazontripperu.com\/es\/wp-json\/wp\/v2\/pages\/12\/revisions\/3364"}],"wp:featuredmedia":[{"embeddable":true,"href":"https:\/\/www.amazontripperu.com\/es\/wp-json\/wp\/v2\/media\/2768"}],"wp:attachment":[{"href":"https:\/\/www.amazontripperu.com\/es\/wp-json\/wp\/v2\/media?parent=12"}],"wp:term":[{"taxonomy":"category","embeddable":true,"href":"https:\/\/www.amazontripperu.com\/es\/wp-json\/wp\/v2\/categories?post=12"},{"taxonomy":"post_tag","embeddable":true,"href":"https:\/\/www.amazontripperu.com\/es\/wp-json\/wp\/v2\/tags?post=12"}],"curies":[{"name":"wp","href":"https:\/\/api.w.org\/{rel}","templated":true}]}}