{"id":1201,"date":"2020-10-18T15:28:33","date_gmt":"2020-10-18T17:58:33","guid":{"rendered":"http:\/\/www.amazontripperu.com\/?p=1201"},"modified":"2023-01-04T17:23:48","modified_gmt":"2023-01-04T19:53:48","slug":"sacred-valley-vip-tour-from-cusco-01-day","status":"publish","type":"page","link":"https:\/\/www.amazontripperu.com\/es\/peru-tours\/day-trips-in-cusco\/sacred-valley-vip-tour-from-cusco-01-day\/","title":{"rendered":"TOUR VALLE SAGRADO\u00a0VIP -DESDE CUSCO 01 DIA"},"content":{"rendered":"<p><strong>CUSCO \u2013 CHINCHERO- MORAY \u2013 SALINERAS MARAS- OLLANTAYTAMBO &#8211; PISAC<\/strong><\/p>\n<p>El tour un dia completo por el Valle Sagrado comienza con el recojo de su hotel, a las 7:00 a.m. dependiendo de la ubicaci\u00f3n de su hotel. Luego, nos dirigimos por el Norte de la Ciudad del Cusco para llegar en 40 minutos a Chinchero, el lugar m\u00e1s alto del recorrido (3762 mts), una vez que lleguemos a este hermoso y colorido lugar visitaremos el Sitio Inca, tambi\u00e9n encontraremos artesan\u00edas y textiles t\u00edpicos.<\/p>\n<p>Continuaremos el viaje hasta el siguiente lugar, Moray, este es un ejemplo de un centro de experimentaci\u00f3n agr\u00edcola, una especie de invernadero para los incas, este enorme lugar se encuentra en una depresi\u00f3n geogr\u00e1fica natural, y lo hacen un lugar muy diferente a los dem\u00e1s.<\/p>\n<p>El siguiente punto de visita ser\u00e1 el pueblo de Maras para acceder a las Salinas (Salineras), esto es algo que solo se puede ver en unos pocos lugares del mundo, m\u00e1s de 5000 fuentes de sal a\u00fan est\u00e1n siendo explotadas por los lugare\u00f1os consiguiendo esto. mineral especial con t\u00e9cnicas ancestrales.<\/p>\n<p>Continuaremos hacia Urubamba, pueblo donde tendremos tiempo libre para almorzar, luego el viaje ser\u00e1 a Ollantaytambo, el sitio Inca m\u00e1s grande de esta zona, este es conocido como una ciudad Inca viviente, ya que la gemela fue construida sobre los restos de Inca, tambi\u00e9n es muy f\u00e1cil encontrar gente local vistiendo ropa t\u00edpica que marca su vida diaria.<\/p>\n<p>Luego nos dirigiremos al \u00faltimo lugar Pisac, esta es otra gran ciudad Inca donde encontrar\u00e1s enormes terrazas agr\u00edcolas y construcciones utilizadas con fines ceremoniales.<\/p>\n<p>En el camino de regreso a Cusco (19:00 aprox.), Lo dejaremos a una cuadra de la plaza principal porque en este momento tenemos mucho tr\u00e1fico para llevarlo de regreso a su hotel.<\/p>","protected":false},"excerpt":{"rendered":"<p>CUSCO \u2013 CHINCHERO- MORAY \u2013 SALINERAS MARAS- OLLANTAYTAMBO &#8211; PISAC El tour un dia completo por el Valle Sagrado comienza con el recojo de su hotel, a las 7:00 a.m. dependiendo de la ubicaci\u00f3n de su hotel. Luego, nos dirigimos por el Norte de la Ciudad del Cusco para llegar en 40 minutos a Chinchero, &hellip; <\/p>\n<p class=\"link-more\"><a href=\"https:\/\/www.amazontripperu.com\/es\/peru-tours\/day-trips-in-cusco\/sacred-valley-vip-tour-from-cusco-01-day\/\" class=\"more-link\">Continuar leyendo<span class=\"screen-reader-text\"> \u00abTOUR VALLE SAGRADO\u00a0VIP -DESDE CUSCO 01 DIA\u00bb<\/span><\/a><\/p>\n","protected":false},"author":1,"featured_media":2634,"parent":3072,"menu_order":0,"comment_status":"closed","ping_status":"closed","template":"page-templates\/tour-theme.php","meta":{"_acf_changed":false,"footnotes":""},"categories":[1,42,39,25],"tags":[],"class_list":["post-1201","page","type-page","status-publish","has-post-thumbnail","hentry","category-all-tours","category-day-trips-cusco","category-machu-picchu-tours-offer","category-packages"],"acf":[],"_links":{"self":[{"href":"https:\/\/www.amazontripperu.com\/es\/wp-json\/wp\/v2\/pages\/1201","targetHints":{"allow":["GET"]}}],"collection":[{"href":"https:\/\/www.amazontripperu.com\/es\/wp-json\/wp\/v2\/pages"}],"about":[{"href":"https:\/\/www.amazontripperu.com\/es\/wp-json\/wp\/v2\/types\/page"}],"author":[{"embeddable":true,"href":"https:\/\/www.amazontripperu.com\/es\/wp-json\/wp\/v2\/users\/1"}],"replies":[{"embeddable":true,"href":"https:\/\/www.amazontripperu.com\/es\/wp-json\/wp\/v2\/comments?post=1201"}],"version-history":[{"count":5,"href":"https:\/\/www.amazontripperu.com\/es\/wp-json\/wp\/v2\/pages\/1201\/revisions"}],"predecessor-version":[{"id":2966,"href":"https:\/\/www.amazontripperu.com\/es\/wp-json\/wp\/v2\/pages\/1201\/revisions\/2966"}],"up":[{"embeddable":true,"href":"https:\/\/www.amazontripperu.com\/es\/wp-json\/wp\/v2\/pages\/3072"}],"wp:featuredmedia":[{"embeddable":true,"href":"https:\/\/www.amazontripperu.com\/es\/wp-json\/wp\/v2\/media\/2634"}],"wp:attachment":[{"href":"https:\/\/www.amazontripperu.com\/es\/wp-json\/wp\/v2\/media?parent=1201"}],"wp:term":[{"taxonomy":"category","embeddable":true,"href":"https:\/\/www.amazontripperu.com\/es\/wp-json\/wp\/v2\/categories?post=1201"},{"taxonomy":"post_tag","embeddable":true,"href":"https:\/\/www.amazontripperu.com\/es\/wp-json\/wp\/v2\/tags?post=1201"}],"curies":[{"name":"wp","href":"https:\/\/api.w.org\/{rel}","templated":true}]}}