{"id":1210,"date":"2017-12-18T18:08:21","date_gmt":"2017-12-18T20:38:21","guid":{"rendered":"http:\/\/www.amazontripperu.com\/?p=1210"},"modified":"2023-01-04T20:29:31","modified_gmt":"2023-01-04T22:59:31","slug":"trek-laguna-de-humantay-1dia","status":"publish","type":"page","link":"https:\/\/www.amazontripperu.com\/es\/peru-tours\/day-trips-in-cusco\/trek-laguna-de-humantay-1dia\/","title":{"rendered":"TREK LAGUNA DE HUMANTAY 1DIA"},"content":{"rendered":"<p><\/p>\n<p style=\"text-align: center;\"><strong>TREKKING LAGUNA DE HUMANTAY<\/strong><\/p>\n<p><strong>Tiempo de caminata:<\/strong> aprox. 5 horas (incluido picnic en ruta).<br \/>\n<strong>Nivel de caminata:<\/strong> Dificultad moderada.<br \/>\nmuy temprano en la ma\u00f1ana (aproximadamente a las 4:30 a.m.) su gu\u00eda de monta\u00f1a y nuestro conductor lo recoger\u00e1n de su hotel.<br \/>\nLa primera parada del d\u00eda ser\u00e1 en Mollepata para desayunar y llenarnos con la energ\u00eda que necesitaremos para continuar nuestro viaje hasta Soraypampa a 3920m.s.n.m. Aqu\u00ed tendr\u00e1 la oportunidad de conocer el Sky Camp que se encuentra frente a los majestuosos nevados Salkantay y Humantay. Despu\u00e9s de un breve descanso, nos prepararemos para comenzar la caminata hacia arriba hasta llegar al punto m\u00e1s alto del sendero, en nuestro camino cruzando maravillosos paisajes rodeados de un complejo de monta\u00f1as.<br \/>\nSeguramente quedar\u00e1 impresionado con la vista panor\u00e1mica de ver el lago turquesa a 4200 msnm. 13779 pies cerca de un glaciar asombroso.<br \/>\nDespu\u00e9s regresaremos al Soraypampa donde su personal nos estar\u00e1 esperando con el almuerzo.<br \/>\nNuestro transporte nos estar\u00e1 esperando para regresar a Cusco a las 5pm aproximadamente.<\/p>","protected":false},"excerpt":{"rendered":"<p>TREKKING LAGUNA DE HUMANTAY Tiempo de caminata: aprox. 5 horas (incluido picnic en ruta). Nivel de caminata: Dificultad moderada. muy temprano en la ma\u00f1ana (aproximadamente a las 4:30 a.m.) su gu\u00eda de monta\u00f1a y nuestro conductor lo recoger\u00e1n de su hotel. La primera parada del d\u00eda ser\u00e1 en Mollepata para desayunar y llenarnos con la &hellip; <\/p>\n<p class=\"link-more\"><a href=\"https:\/\/www.amazontripperu.com\/es\/peru-tours\/day-trips-in-cusco\/trek-laguna-de-humantay-1dia\/\" class=\"more-link\">Continuar leyendo<span class=\"screen-reader-text\"> \u00abTREK LAGUNA DE HUMANTAY 1DIA\u00bb<\/span><\/a><\/p>\n","protected":false},"author":1,"featured_media":2204,"parent":3072,"menu_order":0,"comment_status":"closed","ping_status":"closed","template":"page-templates\/tour-theme.php","meta":{"_acf_changed":false,"footnotes":""},"categories":[1,42,39,30],"tags":[],"class_list":["post-1210","page","type-page","status-publish","has-post-thumbnail","hentry","category-all-tours","category-day-trips-cusco","category-machu-picchu-tours-offer","category-trekking-tours-offer"],"acf":[],"_links":{"self":[{"href":"https:\/\/www.amazontripperu.com\/es\/wp-json\/wp\/v2\/pages\/1210","targetHints":{"allow":["GET"]}}],"collection":[{"href":"https:\/\/www.amazontripperu.com\/es\/wp-json\/wp\/v2\/pages"}],"about":[{"href":"https:\/\/www.amazontripperu.com\/es\/wp-json\/wp\/v2\/types\/page"}],"author":[{"embeddable":true,"href":"https:\/\/www.amazontripperu.com\/es\/wp-json\/wp\/v2\/users\/1"}],"replies":[{"embeddable":true,"href":"https:\/\/www.amazontripperu.com\/es\/wp-json\/wp\/v2\/comments?post=1210"}],"version-history":[{"count":5,"href":"https:\/\/www.amazontripperu.com\/es\/wp-json\/wp\/v2\/pages\/1210\/revisions"}],"predecessor-version":[{"id":3125,"href":"https:\/\/www.amazontripperu.com\/es\/wp-json\/wp\/v2\/pages\/1210\/revisions\/3125"}],"up":[{"embeddable":true,"href":"https:\/\/www.amazontripperu.com\/es\/wp-json\/wp\/v2\/pages\/3072"}],"wp:featuredmedia":[{"embeddable":true,"href":"https:\/\/www.amazontripperu.com\/es\/wp-json\/wp\/v2\/media\/2204"}],"wp:attachment":[{"href":"https:\/\/www.amazontripperu.com\/es\/wp-json\/wp\/v2\/media?parent=1210"}],"wp:term":[{"taxonomy":"category","embeddable":true,"href":"https:\/\/www.amazontripperu.com\/es\/wp-json\/wp\/v2\/categories?post=1210"},{"taxonomy":"post_tag","embeddable":true,"href":"https:\/\/www.amazontripperu.com\/es\/wp-json\/wp\/v2\/tags?post=1210"}],"curies":[{"name":"wp","href":"https:\/\/api.w.org\/{rel}","templated":true}]}}