{"id":1213,"date":"2017-12-20T14:36:02","date_gmt":"2017-12-20T17:06:02","guid":{"rendered":"http:\/\/www.amazontripperu.com\/?p=1213"},"modified":"2023-01-04T20:28:39","modified_gmt":"2023-01-04T22:58:39","slug":"huchuyqosqo-trek-full-day","status":"publish","type":"page","link":"https:\/\/www.amazontripperu.com\/es\/peru-tours\/day-trips-in-cusco\/huchuyqosqo-trek-full-day\/","title":{"rendered":"TOUR A HUCHUYQOSQO TREK 01 DIA"},"content":{"rendered":"<p>De esta laguna, sale un camino inca con direcci\u00f3n de Huchuyqosqo (en el Valle Sagrado), recinto de manufactura inca, reconstruido por Viracocha Inca y utilizado como centro ceremonial de culto al rayo, asimismo, como lugar de descanso en el Valle Sagrado del indicado gobernante.<\/p>\n<h2>CUSCO \u2013LAGUNA DE PIURAY- HUCHUYQOSQO \u2013LAMAY- CUSCO<\/h2>\n<p>Esta excursi\u00f3n nos tomar\u00e1 aproximadamente 08 horas de caminata (incluidos los descansos, refrigerio y visita al complejo arqueol\u00f3gico), recorriendo pisos ecol\u00f3gicos como quechua, suni y puna, con su caracter\u00edstica flora y fauna.<\/p>\n<p>Partimos de la ciudad de Cusco, temprano en la ma\u00f1ana, tomando la carretera norte hacia el Valle Sagrado de los Incas. A lo largo del camino hasta el poblado de Chinchero, podremos apreciar los extensos campos de cultivo, aprovechados desde tiempos antiguos. Recorreremos una de las orillas de la laguna de Piuray, hasta la comunidad de Tauca (3762 msnm \/ 12343 pies), donde comienza nuestra caminata.<\/p>\n<p>Tomamos una trocha carrozable en desuso, de suave pendiente, hasta el abra de Pucajasa (4393 msnm \/ 14413 pies); donde tendremos una vista espectacular de la cordillera de Urubamba. Esta abra, tiene un recorrido de 200 metros aproximadamente. Comenzamos el descenso y encontraremos partes de camino inca, as\u00ed tambi\u00e9n, podremos apreciar los cambios radicales entre los pisos ecol\u00f3gicos. Llegamos a Huchuyqosqo (3688 msnm \/ 12099 pies), donde disfrutaremos de nuestro refrigerio. Luego de un breve descanso, iniciaremos la visita al complejo arqueol\u00f3gico y posteriormente descenderemos al poblado de Lamay (2938 msnm \/ 9639 pies), donde tomamos nuestro transporte de regreso a la ciudad del Cusco. TIEMPO APROXIMADO DE CAMINATA\u00a0 8 HORAS . CON UNA DISTANCIA DE 14.37 KM \/9.07ML. , Altitud M\u00e1xima: 4437 msnm \/ 14557 ft\u00a0 Y\u00a0 Altitud M\u00ednima: 2938 msnm \/ 9639 ft.<\/p>","protected":false},"excerpt":{"rendered":"<p>De esta laguna, sale un camino inca con direcci\u00f3n de Huchuyqosqo (en el Valle Sagrado), recinto de manufactura inca, reconstruido por Viracocha Inca y utilizado como centro ceremonial de culto al rayo, asimismo, como lugar de descanso en el Valle Sagrado del indicado gobernante. CUSCO \u2013LAGUNA DE PIURAY- HUCHUYQOSQO \u2013LAMAY- CUSCO Esta excursi\u00f3n nos tomar\u00e1 &hellip; <\/p>\n<p class=\"link-more\"><a href=\"https:\/\/www.amazontripperu.com\/es\/peru-tours\/day-trips-in-cusco\/huchuyqosqo-trek-full-day\/\" class=\"more-link\">Continuar leyendo<span class=\"screen-reader-text\"> \u00abTOUR A HUCHUYQOSQO TREK 01 DIA\u00bb<\/span><\/a><\/p>\n","protected":false},"author":1,"featured_media":3120,"parent":3072,"menu_order":0,"comment_status":"closed","ping_status":"closed","template":"page-templates\/tour-theme.php","meta":{"_acf_changed":false,"footnotes":""},"categories":[1,42],"tags":[],"class_list":["post-1213","page","type-page","status-publish","has-post-thumbnail","hentry","category-all-tours","category-day-trips-cusco"],"acf":[],"_links":{"self":[{"href":"https:\/\/www.amazontripperu.com\/es\/wp-json\/wp\/v2\/pages\/1213","targetHints":{"allow":["GET"]}}],"collection":[{"href":"https:\/\/www.amazontripperu.com\/es\/wp-json\/wp\/v2\/pages"}],"about":[{"href":"https:\/\/www.amazontripperu.com\/es\/wp-json\/wp\/v2\/types\/page"}],"author":[{"embeddable":true,"href":"https:\/\/www.amazontripperu.com\/es\/wp-json\/wp\/v2\/users\/1"}],"replies":[{"embeddable":true,"href":"https:\/\/www.amazontripperu.com\/es\/wp-json\/wp\/v2\/comments?post=1213"}],"version-history":[{"count":5,"href":"https:\/\/www.amazontripperu.com\/es\/wp-json\/wp\/v2\/pages\/1213\/revisions"}],"predecessor-version":[{"id":3124,"href":"https:\/\/www.amazontripperu.com\/es\/wp-json\/wp\/v2\/pages\/1213\/revisions\/3124"}],"up":[{"embeddable":true,"href":"https:\/\/www.amazontripperu.com\/es\/wp-json\/wp\/v2\/pages\/3072"}],"wp:featuredmedia":[{"embeddable":true,"href":"https:\/\/www.amazontripperu.com\/es\/wp-json\/wp\/v2\/media\/3120"}],"wp:attachment":[{"href":"https:\/\/www.amazontripperu.com\/es\/wp-json\/wp\/v2\/media?parent=1213"}],"wp:term":[{"taxonomy":"category","embeddable":true,"href":"https:\/\/www.amazontripperu.com\/es\/wp-json\/wp\/v2\/categories?post=1213"},{"taxonomy":"post_tag","embeddable":true,"href":"https:\/\/www.amazontripperu.com\/es\/wp-json\/wp\/v2\/tags?post=1213"}],"curies":[{"name":"wp","href":"https:\/\/api.w.org\/{rel}","templated":true}]}}