{"id":1224,"date":"2017-12-20T15:03:22","date_gmt":"2017-12-20T17:33:22","guid":{"rendered":"http:\/\/www.amazontripperu.com\/?p=1224"},"modified":"2023-01-04T20:34:29","modified_gmt":"2023-01-04T23:04:29","slug":"machupicchu-car-02-days","status":"publish","type":"page","link":"https:\/\/www.amazontripperu.com\/es\/peru-tours\/machu-picchu-tours\/machupicchu-car-02-days\/","title":{"rendered":"MACHU PICCHU POR CARRO 2 DIAS"},"content":{"rendered":"<p><\/p>\n<h2>PRIMER D\u00cdA:<\/h2>\n<p>Este viaje est\u00e1 hecho para pasajeros que tienen poco tiempo para visitar y especialmente que quieren disfrutar y no gastar mucho.<\/p>\n<h2>Descripci\u00f3n del primer d\u00eda:<\/h2>\n<ul>\n<li>Hora de salida: 07:30 am<\/li>\n<li>Duraci\u00f3n en auto: 7 horas de viaje aproximadamente, el 85% del camino est\u00e1 asfaltado y el 15% es sendero.<\/li>\n<li>El autob\u00fas tiene 2 paradas en Ollantaytambo durante 15 minutos para usar el ba\u00f1o y abordar a los pasajeros que contrataron el servicio en esta \u00e1rea.<\/li>\n<li>Distancia a pie: 11 kil\u00f3metros.<\/li>\n<li>Alojamiento: A partir de 2 personas (doble o doble) La habitaci\u00f3n individual cuesta m\u00e1s USD 15.00.<\/li>\n<li>Consideraciones: la cena es un plato t\u00edpico.<\/li>\n<li>Horas de caminata: 2 horas y 40 minutos.<\/li>\n<li>Dificultad: alisar 10 minutos de acenso el resto plano.<\/li>\n<li>Altitud alcanzada: 4,350 metros.<\/li>\n<li>Altitud del recorrido: 1.800 metros.<\/li>\n<\/ul>\n<h2>CUSCO &#8211; SANTA TERESA &#8211; HIDROELECTRICA &#8211; PUEBLO DE AGUAS CALIENTES<\/h2>\n<p>Por la ma\u00f1ana nos concentraremos en la plaza principal desde la puerta de McDonald&#8217;s 07:00 a 07:15 hrs.<\/p>\n<p>07:30 am nos acercaremos a nuestra movilidad, recibiremos una peque\u00f1a charla de grabaci\u00f3n para salir de Cusco, el recorrido comenzar\u00e1 con un agradable y pintoresco hacia el pueblo de Yanahura cerca de Ollantaytambo, hasta este lugar tendremos la oportunidad de disfrutar de la hermosa paisajes de la zona, tomaremos un breve descanso de 25 minutos (aprox.), continuando nuestro viaje desde la ciudad de Ollantaytambo hasta la parte m\u00e1s alta de este viaje llamado \u00abAbra M\u00e1laga\u00bb que se encuentra a una altitud de 4.316 metros, en el pie de la monta\u00f1a Ver\u00f3nica.<\/p>\n<p>Desde este punto, el viaje contin\u00faa el hermoso paisaje con sabor a puna despu\u00e9s de aproximadamente 15 minutos, comenzaremos el descenso hacia la selva, pasando por los diferentes microclimas que hacen de estos paisajes un para\u00edso dentro de los majestuosos picos nevados y haciendo de este lugar un lugar clima tropical. Continuaremos nuestra ruta por un camino pavimentado en perfecto estado que pasa por el pueblo de Alfamayo, Hyuro: ubicado a 1500 msnm, uno de los mayores productores de t\u00e9 en Per\u00fa. T\u00e9 Huyro de alta calidad.<\/p>\n<p>Al tener un clima c\u00e1lido y tropical, tambi\u00e9n puede ver muchas plantaciones de \u00e1rboles frutales como pl\u00e1tano, pi\u00f1a, mango, granadilla de naranja, mandarina y muchos m\u00e1s.<\/p>\n<p>Ciudad de Santa Mar\u00eda: ubicada a 1500 metros sobre el nivel del mar, zona tropical, este lugar es conocido por la producci\u00f3n de frutas en gran cantidad.<\/p>\n<p>Pueblo de Santa Teresa: ubicado a 1590 msnm, lugar muy c\u00e1lido y tranquilo, es interesante por los ba\u00f1os termales conocidos como los Ba\u00f1os de Colcalmayo, muy visitados por turistas y conocidos por la producci\u00f3n de caf\u00e9 y muchas hojas de coca, y finalmente llegaremos a la Hidroel\u00e9ctrica para En la terminal privada de la compa\u00f1\u00eda aqu\u00ed podemos almorzar y tomar energ\u00eda para continuar nuestro viaje<\/p>\n<p>Desde aqu\u00ed comenzaremos con la caminata siguiendo el camino de tierra junto a la v\u00eda del ferrocarril, que es aproximadamente 3 horas siguiendo el r\u00edo Vilcanota desde la cima, la monta\u00f1a Waynapicchu no ser\u00e1 acogedora, hasta llegar al pueblo de Aguas Calientes. lo llevar\u00e1n a los alojamientos designados. Despu\u00e9s de un ba\u00f1o relajante en su alojamiento, ser\u00e1 hora de disfrutar de una deliciosa cena junto con el gu\u00eda. En ese momento, tendr\u00e1 la oportunidad de revisar el itinerario para la visita del d\u00eda siguiente \u00abCiudadela de Machu Picchu\u00bb. Aqu\u00ed pasaremos la primera noche.<\/p>\n<h2>SEGUNDO D\u00cdA:<\/h2>\n<ul>\n<li>Salida: 04:30 a.m.<\/li>\n<li>Tiempo de caminata: 1 hora y 30 minutos.<\/li>\n<li>Dificultad para caminar 2 y 1: moderada.<\/li>\n<li>Horas guiadas: 2 horas.<\/li>\n<li>Altitud de Machu Picchu Pueblo: 2.200 metros, la Ciudadela de Machu Picchu: 2.430 metros, la caminata: 1.800 m (5.906 pies).<\/li>\n<\/ul>\n<h2>AGUAS CALIENTES &#8211; MACHU PICCHU &#8211; CUSCO<\/h2>\n<p>Por la ma\u00f1ana a las 4:30 a.m. aproximadamente nos levantaremos para comenzar nuestra aventura, comenzaremos nuestro ascenso a la ciudadela de Machu Picchu, esta es una caminata de 01 hora 30 minutos (aprox.) O tendr\u00e1 la opci\u00f3n de Ir a la ciudadela en autob\u00fas (no incluido).<\/p>\n<p>Nos reuniremos con el gu\u00eda a las 06:00 am en la entrada principal de Machu Picchu, nuestro gu\u00eda comenzar\u00e1 a las 06:30 am, aqu\u00ed tendr\u00e1 una visita guiada durante dos horas en lugares como; templo principal, intihuatana, torre solar finalizando el guiado en la roca sagrada. Luego tendr\u00e1 tiempo libre para visitar Machu Picchu, regresaremos a las 11:00 a.m. o (coordine con su gu\u00eda) al puente de las ruinas, caminar\u00e1n 40 minutos en autob\u00fas a 25 minutos de aqu\u00ed, deber\u00e1n regresar caminando a la Hidroel\u00e9ctrica, que es de 2 horas a 3 horas y finalmente toma el auto entre las 14:20 y las 14:45 en la terminal privada de Amazon Trip Peru, para regresar a Cusco llegando aproximadamente a las 21.20 horas.<\/p>\n<h2>INFORMACI\u00d3N \u00daTIL DE VIAJE<\/h2>\n<ul>\n<li>Son aproximadamente 7 horas de viaje, el 85% del camino est\u00e1 asfaltado y el 15% es camino de tierra.<\/li>\n<li>El autob\u00fas tiene 2 paradas en Ollantaytambo durante 15 minutos para usar el ba\u00f1o y la segunda para abordar a los pasajeros que contrataron el servicio en esta \u00e1rea.<\/li>\n<li>Al cambiar de altitud, se recomienda tomar algunas pastillas para el mareo o el mal de altura (p\u00edldora Soroche, aspirina o mate de coca).<\/li>\n<\/ul>\n<p><\/p>","protected":false},"excerpt":{"rendered":"<p>PRIMER D\u00cdA: Este viaje est\u00e1 hecho para pasajeros que tienen poco tiempo para visitar y especialmente que quieren disfrutar y no gastar mucho. Descripci\u00f3n del primer d\u00eda: Hora de salida: 07:30 am Duraci\u00f3n en auto: 7 horas de viaje aproximadamente, el 85% del camino est\u00e1 asfaltado y el 15% es sendero. El autob\u00fas tiene 2 &hellip; <\/p>\n<p class=\"link-more\"><a href=\"https:\/\/www.amazontripperu.com\/es\/peru-tours\/machu-picchu-tours\/machupicchu-car-02-days\/\" class=\"more-link\">Continuar leyendo<span class=\"screen-reader-text\"> \u00abMACHU PICCHU POR CARRO 2 DIAS\u00bb<\/span><\/a><\/p>\n","protected":false},"author":1,"featured_media":1294,"parent":3081,"menu_order":0,"comment_status":"closed","ping_status":"closed","template":"page-templates\/tour-theme.php","meta":{"_acf_changed":false,"footnotes":""},"categories":[1,38],"tags":[],"class_list":["post-1224","page","type-page","status-publish","has-post-thumbnail","hentry","category-all-tours","category-machu-picchu-tours"],"acf":[],"_links":{"self":[{"href":"https:\/\/www.amazontripperu.com\/es\/wp-json\/wp\/v2\/pages\/1224","targetHints":{"allow":["GET"]}}],"collection":[{"href":"https:\/\/www.amazontripperu.com\/es\/wp-json\/wp\/v2\/pages"}],"about":[{"href":"https:\/\/www.amazontripperu.com\/es\/wp-json\/wp\/v2\/types\/page"}],"author":[{"embeddable":true,"href":"https:\/\/www.amazontripperu.com\/es\/wp-json\/wp\/v2\/users\/1"}],"replies":[{"embeddable":true,"href":"https:\/\/www.amazontripperu.com\/es\/wp-json\/wp\/v2\/comments?post=1224"}],"version-history":[{"count":5,"href":"https:\/\/www.amazontripperu.com\/es\/wp-json\/wp\/v2\/pages\/1224\/revisions"}],"predecessor-version":[{"id":3132,"href":"https:\/\/www.amazontripperu.com\/es\/wp-json\/wp\/v2\/pages\/1224\/revisions\/3132"}],"up":[{"embeddable":true,"href":"https:\/\/www.amazontripperu.com\/es\/wp-json\/wp\/v2\/pages\/3081"}],"wp:featuredmedia":[{"embeddable":true,"href":"https:\/\/www.amazontripperu.com\/es\/wp-json\/wp\/v2\/media\/1294"}],"wp:attachment":[{"href":"https:\/\/www.amazontripperu.com\/es\/wp-json\/wp\/v2\/media?parent=1224"}],"wp:term":[{"taxonomy":"category","embeddable":true,"href":"https:\/\/www.amazontripperu.com\/es\/wp-json\/wp\/v2\/categories?post=1224"},{"taxonomy":"post_tag","embeddable":true,"href":"https:\/\/www.amazontripperu.com\/es\/wp-json\/wp\/v2\/tags?post=1224"}],"curies":[{"name":"wp","href":"https:\/\/api.w.org\/{rel}","templated":true}]}}