{"id":1228,"date":"2017-12-20T15:33:12","date_gmt":"2017-12-20T18:03:12","guid":{"rendered":"http:\/\/www.amazontripperu.com\/?p=1228"},"modified":"2023-01-04T20:40:20","modified_gmt":"2023-01-04T23:10:20","slug":"choquequirao-trek-4-days","status":"publish","type":"page","link":"https:\/\/www.amazontripperu.com\/es\/peru-tours\/inca-trail-to-machupicchu\/choquequirao-trek-4-days\/","title":{"rendered":"TREK DE CHOQUEQUIRAO 4 DIAS"},"content":{"rendered":"<p>El viaje a Choquekirao es una caminata espectacular donde nos sumergimos en el estrecho ca\u00f1\u00f3n de Apur\u00edmac y despu\u00e9s ascendemos al otro lado de la monta\u00f1a, al fascinante conjunto arqueol\u00f3gico de Choquequirao.<\/p>\n<p>Es una caminata fuerte que necesita una buena condici\u00f3n f\u00edsica. Usted ser\u00e1 premiado con asombrosas vistas en todo el camino. Los restos arqueol\u00f3gicos de Choquequirao est\u00e1n enclavados en una monta\u00f1a en la margen derecha sobre el ca\u00f1\u00f3n del rio Apur\u00edmac.<\/p>\n<p>No es tan extenso como Machu Picchu porque parte de este sitio se encuentra en excavaci\u00f3n y restauraci\u00f3n arqueol\u00f3gica pero muy probablemente m\u00e1s fascinante y la regi\u00f3n es mucho m\u00e1s remota. Ciertamente es una caminata \u00fanica en los Andes que le ofrecer\u00e1 una experiencia inolvidable.<\/p>\n<p><strong>ITINERARIO<\/strong><\/p>\n<p><strong>D\u00cdA 1: CUSCO \u2013 CACHORA \u2013 CAPULIYOC \u2013 CHIQUISCA<\/strong><\/p>\n<p>Le recogemos en su hotel a las 5am y le llevamos con nuestro van privado hasta el pueblo de Cachora (2850msnm). Durante el viaje que dura unas 3 horas, podremos disfrutar de las primeras vistas hermosas de los pueblos t\u00edpicos, los valles y los nevados. Encontramos nuestros porteadores y sus caballos que cargamos. Llenos de ent\u00fasiasmo, entablamos nuestra caminata por una subida de unas 3 horas y llegamos al mirador de Capuliyoc para almorzar. Aprovechamos la vista estupenda sobre el ca\u00f1on Apurimac y el nevado de Padreyoc (5571msnm), as\u00ed como la ubicaci\u00f3n de Choquequirao. Despu\u00e9s del almuerzo retomamos la caminata bajando por un par de horas hasta el pueblo de Chiquisca (1900msnm) donde nos espera un almuerzo delicioso. Disfrutamos de la quietud tropical del lugar y pasamos la noche.<\/p>\n<ul>\n<li><strong>Alimentaci\u00f3n:<\/strong>\u00a0Almuerzo \u2013 Lonche \u2013 Cena<\/li>\n<li><strong>Alojamiento:<\/strong>\u00a0Campamento<\/li>\n<li><strong>Distancia:<\/strong>\u00a018 km<\/li>\n<li><strong>Tiempo:<\/strong>\u00a09 horas aproximadamente<\/li>\n<li><strong>Dificultad:<\/strong>\u00a0Moderada<\/li>\n<\/ul>\n<p><strong>D\u00cdA 2: CHIQUISCA \u2013 MARANPATA \u2013 CHOQUEQUIRAO<\/strong><\/p>\n<p>Temprano por la ma\u00f1ana despu\u00e9s del desayuno, descendemos por 1 hora al rio Apur\u00edmac (1550 msnm). Desde este lugar empezamos a ascender al lado opuesto de la monta\u00f1a durante unas 4 horas, pasando por Santa Rosa. Luego continuamos hasta Maranpata (2850msnm), lugar donde tenemos el almuerzo. Desde aqu\u00ed a la distancia, ya podemos apreciar la belleza del m\u00edstico Choquequirao. Por la tarde caminamos unas \u00a02 horas m\u00e1s, disfrutando de la gran diversidad de flora y fauna y llegamos al sitio arqueol\u00f3gico. Tenemos tiempo para aprovechar una visita guiada que nos permite admirar los diferentes palacios, templos y fuentes ceremoniales, un estupendo Usnu (centro ceremonial) as\u00ed como las asombrosas terrazas agricolas. Con un poco de suerte tendremos la oportunidad de ver un c\u00f3ndor.<\/p>\n<ul>\n<li><strong>Alimentaci\u00f3n:<\/strong>\u00a0Desayuno \u2013 Almuerzo \u2013 Lonche \u2013 Cena<\/li>\n<li><strong>Alojamiento:<\/strong>\u00a0Campamento<\/li>\n<li><strong>Distancia:<\/strong>\u00a014 km<\/li>\n<li><strong>Tiempo:<\/strong>\u00a07 horas aproximadamente<\/li>\n<li><strong>Dificultad:<\/strong>\u00a0Moderada<\/li>\n<\/ul>\n<p><strong>D\u00cdA 3: CHOQUEQUIRAO \u2013 MARANPATA \u2013 CHIQUISCA<\/strong><\/p>\n<p>Despu\u00e9s de un desayuno delicioso, tenemos la oportunidad de explorar m\u00e1s el sitio arqueol\u00f3gico y los sectores espectaculares. \u00a0Luego retornamos a Maranpata donde almorzamos. Por la tarde bajamos por unas 3 horas hasta el rio Apurimac (1550msnm) y subimos por una hora hasta nuestro campamento tropical en Chiquisca (1900msnm) donde nos espera otro lunch sabroso.<\/p>\n<ul>\n<li><strong>Alimentaci\u00f3n:<\/strong>\u00a0Desayuno \u2013 \u00a0Almuerzo \u2013 Lonche \u2013 Cena<\/li>\n<li><strong>Alojamiento:<\/strong>\u00a0Campamento<\/li>\n<li><strong>Distancia:<\/strong>\u00a014 km<\/li>\n<li><strong>Tiempo:<\/strong>\u00a07 horas aproximadamente<\/li>\n<li><strong>Dificultad:<\/strong>\u00a0Moderada<\/li>\n<\/ul>\n<p><strong>D\u00cdA 4: CHIQUISCA \u2013 CAPULIYOC \u2013 CACHORA \u2013 \u00a0CUSCO<\/strong><\/p>\n<p>Temprano por la madrugada empezamos un arduo ascenso durante 3 horas hasta llegar al mirador de Capuliyoc. All\u00ed disfrutamos de nuevo de la vista espectacular sobre los nevados circundantes y el ca\u00f1on.\u00a0Despu\u00e9s \u00a0seguimos un camino f\u00e1cil y plano durante unas 2 horas hasta llegar a \u00a0Cachora donde tendremos el almuerzo. Luego subimos a nuestro van privado y nos vamos a visitar el interesante sitio arqueol\u00f3gico de Saywite. Finalmente regresamos a la ciudad imperial de Cusco, llegando aproximadamente a las 7 de la noche.<\/p>\n<ul>\n<li><strong>Alimentaci\u00f3n:<\/strong>\u00a0Desayuno \u2013 Almuerzo<\/li>\n<li><strong>Distancia:<\/strong>\u00a018 km<\/li>\n<li><strong>Tiempo:<\/strong>\u00a09 horas aproximadamente<\/li>\n<li><strong>Dificultad:<\/strong>\u00a0Moderada<\/li>\n<\/ul>\n<p><\/p>","protected":false},"excerpt":{"rendered":"<p>El viaje a Choquekirao es una caminata espectacular donde nos sumergimos en el estrecho ca\u00f1\u00f3n de Apur\u00edmac y despu\u00e9s ascendemos al otro lado de la monta\u00f1a, al fascinante conjunto arqueol\u00f3gico de Choquequirao. Es una caminata fuerte que necesita una buena condici\u00f3n f\u00edsica. Usted ser\u00e1 premiado con asombrosas vistas en todo el camino. Los restos arqueol\u00f3gicos &hellip; <\/p>\n<p class=\"link-more\"><a href=\"https:\/\/www.amazontripperu.com\/es\/peru-tours\/inca-trail-to-machupicchu\/choquequirao-trek-4-days\/\" class=\"more-link\">Continuar leyendo<span class=\"screen-reader-text\"> \u00abTREK DE CHOQUEQUIRAO 4 DIAS\u00bb<\/span><\/a><\/p>\n","protected":false},"author":1,"featured_media":1293,"parent":3077,"menu_order":0,"comment_status":"closed","ping_status":"closed","template":"page-templates\/tour-theme.php","meta":{"_acf_changed":false,"footnotes":""},"categories":[1,43],"tags":[],"class_list":["post-1228","page","type-page","status-publish","has-post-thumbnail","hentry","category-all-tours","category-inca-trail-to-machupicchu"],"acf":[],"_links":{"self":[{"href":"https:\/\/www.amazontripperu.com\/es\/wp-json\/wp\/v2\/pages\/1228","targetHints":{"allow":["GET"]}}],"collection":[{"href":"https:\/\/www.amazontripperu.com\/es\/wp-json\/wp\/v2\/pages"}],"about":[{"href":"https:\/\/www.amazontripperu.com\/es\/wp-json\/wp\/v2\/types\/page"}],"author":[{"embeddable":true,"href":"https:\/\/www.amazontripperu.com\/es\/wp-json\/wp\/v2\/users\/1"}],"replies":[{"embeddable":true,"href":"https:\/\/www.amazontripperu.com\/es\/wp-json\/wp\/v2\/comments?post=1228"}],"version-history":[{"count":5,"href":"https:\/\/www.amazontripperu.com\/es\/wp-json\/wp\/v2\/pages\/1228\/revisions"}],"predecessor-version":[{"id":3139,"href":"https:\/\/www.amazontripperu.com\/es\/wp-json\/wp\/v2\/pages\/1228\/revisions\/3139"}],"up":[{"embeddable":true,"href":"https:\/\/www.amazontripperu.com\/es\/wp-json\/wp\/v2\/pages\/3077"}],"wp:featuredmedia":[{"embeddable":true,"href":"https:\/\/www.amazontripperu.com\/es\/wp-json\/wp\/v2\/media\/1293"}],"wp:attachment":[{"href":"https:\/\/www.amazontripperu.com\/es\/wp-json\/wp\/v2\/media?parent=1228"}],"wp:term":[{"taxonomy":"category","embeddable":true,"href":"https:\/\/www.amazontripperu.com\/es\/wp-json\/wp\/v2\/categories?post=1228"},{"taxonomy":"post_tag","embeddable":true,"href":"https:\/\/www.amazontripperu.com\/es\/wp-json\/wp\/v2\/tags?post=1228"}],"curies":[{"name":"wp","href":"https:\/\/api.w.org\/{rel}","templated":true}]}}