{"id":1235,"date":"2020-12-20T16:11:36","date_gmt":"2020-12-20T18:41:36","guid":{"rendered":"http:\/\/www.amazontripperu.com\/?p=1235"},"modified":"2023-01-04T17:35:53","modified_gmt":"2023-01-04T20:05:53","slug":"camino-inca-a-machu-picchu-2-dias","status":"publish","type":"page","link":"https:\/\/www.amazontripperu.com\/es\/peru-tours\/inca-trail-to-machupicchu\/camino-inca-a-machu-picchu-2-dias\/","title":{"rendered":"CAMINO INCA A MACHU PICCHU 2 D\u00cdAS"},"content":{"rendered":"<p>Esta es la versi\u00f3n corta del famoso y sorprendente Camino Inca, para las personas que no tienen mucho \u00a0tiempo disponible pero que no quieren perderse esta magn\u00edfica y singular caminata. Empezamos nuestra aventura en el kil\u00f3metro 104 para \u00a0caminar durante todo el d\u00eda hasta llegar aproximadamente a las 6 pm. al pueblo de Aguas Calientes, donde nos espera un hotel c\u00f3modo y limpio. Al d\u00eda siguiente, muy temprano, subiremos a la ciudadela en el primer bus y tendremos una visita guiada por un par de horas en este fascinante lugar, Machu Picchu Maravilla del Mundo.<\/p>\n<p>Si te quedaste sin la posibilidad de hacer el\u00a0<a href=\"https:\/\/www.amazontripperu.com\/inca-trail-trek-to-machu-picchu-4-days\/\"><strong>CAMINO DEL INCA 4 D\u00cdAS 3 NOCHES<\/strong><\/a><strong>,<\/strong> el tour Camino Inca Corto Machu Picchu 2 d\u00edas y 1 noche es la excursi\u00f3n indicada ya que podr\u00e1s conocer la \u00faltima parte del Camino Inca original que llega a Machu Picchu. Este a\u00f1o 2018, nuestro gobierno ha habilitado 250 cupos extras por d\u00eda para realizar esta ruta por lo que esta es tu gran oportunidad antes de que tambi\u00e9n se agoten.<\/p>\n<p><strong>ITINERARIO<\/strong><\/p>\n<p><strong>DIA 1: CUSCO \u2013 KM 104 \u2013\u00a0WI\u00d1AYWAYNA \u2013 MACHU PICCHU \u2013 AGUAS CALIENTES<\/strong><\/p>\n<p>A las 4:00 a.m. Nuestra organizaci\u00f3n \u00a0de viaje los recoger\u00e1 desde su hotel para el traslado a la estaci\u00f3n de tren en Ollantaytambo. Salimos en tren hasta el km. 104 donde empieza la caminata del \u00a0Camino Inca corto a Machu Picchu. Enseguida visitamos el complejo arqueol\u00f3gico de Chachabamba (ubicado a 2,250 m.s.n.m.) Este lugar fu\u00e9 muy importante por que aqu\u00ed se obten\u00edan los productos agr\u00edcolas para ser llevados a Machu Picchu. Continuamos la caminata hacia Wi\u00f1aywayna donde llegaremos aproximadamente 2 horas y media despu\u00e9s.<\/p>\n<p>En el camino tendremos hermosas vistas del ri\u00f3 Urubamba y tendremos la oportunidad de poder apreciar diferentes tipos de orqu\u00eddeas del bosque semi tropical propio del bosque nuboso. En Wi\u00f1aywayna tenemos una peque\u00f1a \u00a0parada y visitar este asombroso centro arqueol\u00f3gico. Despu\u00e9s del almuerzo continuamos la caminata hacia Machu Picchu, en el trayecto podremos apreciar \u00a0desde el Inti Punku (Puerta del Sol) la nueva Maravilla del Mundo como premio o retribuci\u00f3n a nuestra vista (Ud. podr\u00e1 tomar la foto m\u00e1s espectacular de Machu Picchu).<\/p>\n<p>Finalmente bajaremos hasta la ciudadela Inca y tomaremos el bus de bajada hacia Aguas Calientes donde nos espera un alojamiento \u00a0c\u00f3modo con ducha caliente.<\/p>\n<ul>\n<li><strong>Alimentaci\u00f3n<\/strong>: Almuerzo \u2013 Cena<\/li>\n<li><strong>Alojamiento<\/strong>: Hotel con ba\u00f1o privado, ducha de agua caliente, wifi y desayuno incluido.<\/li>\n<li><strong>Dificultad<\/strong>: Moderada<\/li>\n<\/ul>\n<p><strong>DIA 2: AGUAS CALIENTES \u2013 MACHU PICCHU \u2013 CUSCO<\/strong><\/p>\n<p>Despu\u00e9s del desayuno muy reparador, \u00a0tomaremos el \u00a0autob\u00fas para el viaje corto (25 minutos) hasta el Santuario de Machu Picchu y\u00a0 ser los primeros en disfrutar del gran amanecer en la Nueva Maravilla del Mundo, sentir las energ\u00edas y el gran\u00a0 misterio que encierra la ciudadela Inca. \u00a0\u00a0En compa\u00f1\u00eda de su gu\u00eda experto Usted participar\u00e1 de un tour guiado por el Complejo o Ciudad Sagrada, visitando la Plaza Principal, la Torre Circular, el Sagrado Reloj Solar, el m\u00e1s importante conocido como Intihuatana, con \u00e9ste lograron un gran manejo para la astronom\u00eda Inca, est\u00e1 en buen estado de\u00a0 conservaci\u00f3n, genera mucho impacto en nuestros visitantes, el templo de las Tres Ventanas, casas, almacenes, la gran plaza central; y toda la zona urbana con estrechos pasos que est\u00e1n rodeados de terrazas\u00a0 o sistemas de andenes que le dan mayor solidez a la monta\u00f1a.<\/p>\n<p>Despu\u00e9s de la excursi\u00f3n tendr\u00e1 tiempo para pasear por los lugares o sitios arqueol\u00f3gicos que m\u00e1s le hayan impresionado, tomar la foto quiz\u00e1 como la m\u00e1s importante prueba de su paso por esta nueva maravilla del planeta, el Santuario Hist\u00f3rico de Machu Picchu. El tour guiado demora aproximadamente 2 horas seguido de un tiempo libre para explorar de \u00a0mejor manera la ciudadela, se sugiere escalar eventualmente el Wayna Picchu o la monta\u00f1a Machu Picchu (US$75), visitar el famoso Puente Inca. Por la tarde bajaremos en bus al pueblo de Aguas Calientes donde tomaremos el tren para retornar a Cusco. Despu\u00e9s Usted tendr\u00e1 la asistencia para su \u00a0traslado al hotel.<\/p>\n<ul>\n<li><strong>Alimentaci\u00f3n:\u00a0<\/strong>Desayuno<\/li>\n<li><strong>Dificultad:\u00a0<\/strong>F\u00e1cil<\/li>\n<\/ul>\n<p><\/p>","protected":false},"excerpt":{"rendered":"<p>Esta es la versi\u00f3n corta del famoso y sorprendente Camino Inca, para las personas que no tienen mucho \u00a0tiempo disponible pero que no quieren perderse esta magn\u00edfica y singular caminata. Empezamos nuestra aventura en el kil\u00f3metro 104 para \u00a0caminar durante todo el d\u00eda hasta llegar aproximadamente a las 6 pm. al pueblo de Aguas Calientes, &hellip; <\/p>\n<p class=\"link-more\"><a href=\"https:\/\/www.amazontripperu.com\/es\/peru-tours\/inca-trail-to-machupicchu\/camino-inca-a-machu-picchu-2-dias\/\" class=\"more-link\">Continuar leyendo<span class=\"screen-reader-text\"> \u00abCAMINO INCA A MACHU PICCHU 2 D\u00cdAS\u00bb<\/span><\/a><\/p>\n","protected":false},"author":1,"featured_media":2633,"parent":3077,"menu_order":0,"comment_status":"closed","ping_status":"closed","template":"page-templates\/tour-theme.php","meta":{"_acf_changed":false,"footnotes":""},"categories":[1,43,39],"tags":[],"class_list":["post-1235","page","type-page","status-publish","has-post-thumbnail","hentry","category-all-tours","category-inca-trail-to-machupicchu","category-machu-picchu-tours-offer"],"acf":[],"_links":{"self":[{"href":"https:\/\/www.amazontripperu.com\/es\/wp-json\/wp\/v2\/pages\/1235","targetHints":{"allow":["GET"]}}],"collection":[{"href":"https:\/\/www.amazontripperu.com\/es\/wp-json\/wp\/v2\/pages"}],"about":[{"href":"https:\/\/www.amazontripperu.com\/es\/wp-json\/wp\/v2\/types\/page"}],"author":[{"embeddable":true,"href":"https:\/\/www.amazontripperu.com\/es\/wp-json\/wp\/v2\/users\/1"}],"replies":[{"embeddable":true,"href":"https:\/\/www.amazontripperu.com\/es\/wp-json\/wp\/v2\/comments?post=1235"}],"version-history":[{"count":5,"href":"https:\/\/www.amazontripperu.com\/es\/wp-json\/wp\/v2\/pages\/1235\/revisions"}],"predecessor-version":[{"id":2971,"href":"https:\/\/www.amazontripperu.com\/es\/wp-json\/wp\/v2\/pages\/1235\/revisions\/2971"}],"up":[{"embeddable":true,"href":"https:\/\/www.amazontripperu.com\/es\/wp-json\/wp\/v2\/pages\/3077"}],"wp:featuredmedia":[{"embeddable":true,"href":"https:\/\/www.amazontripperu.com\/es\/wp-json\/wp\/v2\/media\/2633"}],"wp:attachment":[{"href":"https:\/\/www.amazontripperu.com\/es\/wp-json\/wp\/v2\/media?parent=1235"}],"wp:term":[{"taxonomy":"category","embeddable":true,"href":"https:\/\/www.amazontripperu.com\/es\/wp-json\/wp\/v2\/categories?post=1235"},{"taxonomy":"post_tag","embeddable":true,"href":"https:\/\/www.amazontripperu.com\/es\/wp-json\/wp\/v2\/tags?post=1235"}],"curies":[{"name":"wp","href":"https:\/\/api.w.org\/{rel}","templated":true}]}}