{"id":1237,"date":"2018-10-20T16:22:45","date_gmt":"2018-10-20T18:52:45","guid":{"rendered":"http:\/\/www.amazontripperu.com\/?p=1237"},"modified":"2023-01-04T20:41:02","modified_gmt":"2023-01-04T23:11:02","slug":"camino-inca-a-machu-picchu-4-dias-3-noches","status":"publish","type":"page","link":"https:\/\/www.amazontripperu.com\/es\/peru-tours\/inca-trail-to-machupicchu\/camino-inca-a-machu-picchu-4-dias-3-noches\/","title":{"rendered":"CAMINO INCA A MACHU PICCHU 4 DIAS &#038; 3 NOCHES"},"content":{"rendered":"<p>Nos encontramos con valles que contienen la fauna end\u00e9mica de los pisos ecol\u00f3gicos altos o en los tr\u00f3picos, entre los tramos de la Puna y el bosque nuboso. En todo el trayecto nos cruzaremos con centros arqueol\u00f3gicos como son Pulpituyuq, Llactapata, Wayllabamba, Runkurakay, Sayacmarca, Phuyupatamarca, Wi\u00f1ayhuayna, Inti Punku y la nueva maravilla del nuevo mundo, Machu Picchu\u201d.<\/p>\n<p>Los viajeros cruzan dos zonas de gran altitud (siendo la m\u00e1s alta Warmiwa\u00f1uska a 4,200 m.s.n.m.) para culminar la caminata con una m\u00e1gica entrada a trav\u00e9s del Inti Punku o Puerta del Sol.\u00a0<strong>AMAZON TRIP PERU<\/strong>\u00a0le invita a despertar sus sentidos a trav\u00e9s de esta imponente aventura, el Camino Inca a Machu Picchu.<\/p>\n<h2>DIA 1: CUSCO \u2013 PISKACUCHO KM 82 \u2013 LLACTAPATA \u2013 WAYLLABAMBA<\/h2>\n<p>Nuestra excursi\u00f3n empieza con el recojo del hotel a las 4:30am. comenzando con un espectacular recorrido a primera hora por el Valle Sagrado de los Incas. Nos dirigiremos al punto de partida de nuestra caminata; el Km. 82, arribando a este lugar aproximadamente a las 9am., Aqu\u00ed nuestro gu\u00eda profesional tendr\u00e1 el agrado de presentarnos al resto del grupo de apoyo que nos acompa\u00f1ara durante nuestra caminata como: porteadores, cocineros, etc. Luego de haber conocido al grupo, empezaremos nuestra caminata de 5 horas aproximadamente- Este primer d\u00eda es ligero, tendremos una hermosa vista panor\u00e1mica como el nevado de la Ver\u00f3nica, tambi\u00e9n caminaremos a un costado del rio Vilcanota hasta llegar al sitio arqueol\u00f3gico de Llaqtapata. All\u00ed disfrutaremos de nuestro almuerzo para luego continuar con la caminata hacia nuestro primer campamento en Wayllabamba donde pasaremos la noche despu\u00e9s de la cena.<\/p>\n<ul>\n<li><strong>Alimentaci\u00f3n:<\/strong>\u00a0Almuerzo \u2013 Lonche \u2013 Cena<\/li>\n<li><strong>Alojamiento:<\/strong>\u00a0Campamento<\/li>\n<li><strong>Longitud del trek:<\/strong>\u00a012km<\/li>\n<li><strong>Dificultad:<\/strong>\u00a0Moderada<\/li>\n<\/ul>\n<h2>D\u00cdA 2: WAYLLABAMBA \u2013 WARMIWA\u00d1USCA \u2013 PACAYMAYU<\/h2>\n<p>Despu\u00e9s de desayunar damos inicio a la parte m\u00e1s dif\u00edcil de la caminata. Iniciaremos la subida hacia el punto m\u00e1s alto del Camino Inca donde se deslumbrar\u00e1 con una incre\u00edble vista panor\u00e1mica de todo el \u00e1rea y usted podr\u00e1 observar los diferentes tipos de microclimas que existen en la zona. Despu\u00e9s de 3 horas de caminata pasaremos el abra denominada Warmiwa\u00f1usq\u2019a (mujer muerta) que est\u00e1 aproximadamente. a 4,200 m.s.n.m. Aqu\u00ed usted tendr\u00e1 una enorme satisfacci\u00f3n por haber llegado al punto m\u00e1s alto de todo el Camino Inca. Finalmente descendemos a Pacaymayu, donde tendremos un almuerzo. Pasaremos la noche aqu\u00ed.<\/p>\n<ul>\n<li><strong>Alimentaci\u00f3n:<\/strong>\u00a0Desayuno \u2013 Almuerzo \u2013 Lonche \u2013 Cena<\/li>\n<li><strong>Alojamiento:<\/strong>\u00a0Campamento<\/li>\n<li><strong>Longitud del trek:<\/strong>\u00a011km<\/li>\n<li><strong>Dificultad:<\/strong>\u00a0Dif\u00edcil<\/li>\n<\/ul>\n<h2>D\u00cdA 3: PACAYMAYU \u2013 PHUYUPATAMARCA \u2013 WI\u00d1AYWAYNA<\/h2>\n<p>Despu\u00e9s de desayunar empezaremos nuestra larga y fascinante caminata hasta ascender al segundo paso m\u00e1s importante del Camino Inca que se encuentra a 3,850 m.s.n.m.,cerca del Complejo Arqueol\u00f3gico de Runkarakay. Tendremos una visita guiada por todo el complejo y retomaremos nuestra caminata hasta llegar a un complejo amurallado con nichos que tal vez fue lugar de descanso protegido por puestos de guardia y lugares de culto. Despu\u00e9s de cruzar el segundo paso, descenderemos a Yanacocha (La Laguna Negra) para luego escalar un sendero con escalinatas de piedra hasta alcanzar otro grupo de edificios que atraen la atenci\u00f3n de los visitantes. Este punto es llamado Sayaqmarka, un complejo prehisp\u00e1nico con angostas calles, edificios erguidos en diferentes niveles; santuarios, patios, canales y una pared exterior. Es un lugar lleno de misterio y encanto la distancia aproximada a Runkarakay es de 5 Km, la cual toma 2 horas, descendiendo a una altitud de 3,600 m.s.n.m. Hay un excelente sendero y un t\u00fanel a trav\u00e9s de este complejo. Luego de la visita guiada caminaremos hasta llegar al complejo arqueol\u00f3gico de Phuyupatamarca, otro importante monumento, donde nos sentaremos a almorzar. Despu\u00e9s de un breve descanso, continuaremos con la caminata hasta llegar al \u00faltimo campamento de Wi\u00f1aywayna (Siempre Joven), un impresionante complejo arqueol\u00f3gico que visitaremos. Despu\u00e9s de la visita retornaremos a nuestro campamento donde acamparemos la \u00faltima noche y compartiremos la \u00faltima cena despidiendo a nuestros porteadores y cocineros<\/p>\n<ul>\n<li><strong>Alimentaci\u00f3n:<\/strong>\u00a0Desayuno \u2013 Almuerzo \u2013 Lonche \u2013 Cena<\/li>\n<li><strong>Alojamiento:<\/strong>\u00a0Campamento<\/li>\n<li><strong>Longitud del trek:<\/strong>\u00a016km<\/li>\n<li><strong>Dificultad:<\/strong>\u00a0Moderada<\/li>\n<\/ul>\n<h2>D\u00cdA 4: WI\u00d1AYWAYNA \u2013 MACHU PICCHU \u2013 CUSCO<\/h2>\n<p>Antes del amanecer y despu\u00e9s de desayunar, continuaremos con la caminata para llegar a tiempo y poder apreciar la salida del sol en Machupicchu. Despu\u00e9s de una hora de caminata pasaremos por el Inti Punku o Puerta del sol, conocida tambi\u00e9n como la puerta de ingreso al Machupicchu, donde usted podr\u00e1 apreciar la vista panor\u00e1mica m\u00e1s impresionante de toda la Ciudadela Inca. Luego tendremos un tour guiado por\u00a02 horas aproximadamente, incluyendo los alrededores de la ciudadela Inca, visitando los sitios principales como los Recintos, Plazas, Fuentes Sagradas, Templos as\u00ed como el sector agr\u00edcola y urbano.<\/p>\n<p>Despu\u00e9s de nuestra visita guiada habr\u00e1 un tiempo libre para que pueda tomar fotos, explorar m\u00e1s la ciudadela, escalar eventualmente el Wayna Picchu (opcional). Luego nos encontraremos con el resto del grupo para poder tomar el bus que nos llevar\u00e1 hasta el pueblo de Aguas Calientes; donde usted tendr\u00e1 la opci\u00f3n de disfrutar de los ba\u00f1os termales. Despu\u00e9s retornaremos a Ollantaytambo\u00a0en tren con conexi\u00f3n de bus a Cusco, dej\u00e1ndole en su Hotel.<\/p>\n<ul>\n<li><strong>Alimentaci\u00f3n:<\/strong>\u00a0Desayuno<\/li>\n<li><strong>Longitud del trek:<\/strong>\u00a06km<\/li>\n<li><strong>Dificultad:<\/strong> F\u00e1cil<\/li>\n<\/ul>\n<p><\/p>","protected":false},"excerpt":{"rendered":"<p>Nos encontramos con valles que contienen la fauna end\u00e9mica de los pisos ecol\u00f3gicos altos o en los tr\u00f3picos, entre los tramos de la Puna y el bosque nuboso. En todo el trayecto nos cruzaremos con centros arqueol\u00f3gicos como son Pulpituyuq, Llactapata, Wayllabamba, Runkurakay, Sayacmarca, Phuyupatamarca, Wi\u00f1ayhuayna, Inti Punku y la nueva maravilla del nuevo mundo, &hellip; <\/p>\n<p class=\"link-more\"><a href=\"https:\/\/www.amazontripperu.com\/es\/peru-tours\/inca-trail-to-machupicchu\/camino-inca-a-machu-picchu-4-dias-3-noches\/\" class=\"more-link\">Continuar leyendo<span class=\"screen-reader-text\"> \u00abCAMINO INCA A MACHU PICCHU 4 DIAS &#038; 3 NOCHES\u00bb<\/span><\/a><\/p>\n","protected":false},"author":1,"featured_media":1282,"parent":3077,"menu_order":0,"comment_status":"closed","ping_status":"closed","template":"page-templates\/tour-theme.php","meta":{"_acf_changed":false,"footnotes":""},"categories":[1,43,39,30],"tags":[],"class_list":["post-1237","page","type-page","status-publish","has-post-thumbnail","hentry","category-all-tours","category-inca-trail-to-machupicchu","category-machu-picchu-tours-offer","category-trekking-tours-offer"],"acf":[],"_links":{"self":[{"href":"https:\/\/www.amazontripperu.com\/es\/wp-json\/wp\/v2\/pages\/1237","targetHints":{"allow":["GET"]}}],"collection":[{"href":"https:\/\/www.amazontripperu.com\/es\/wp-json\/wp\/v2\/pages"}],"about":[{"href":"https:\/\/www.amazontripperu.com\/es\/wp-json\/wp\/v2\/types\/page"}],"author":[{"embeddable":true,"href":"https:\/\/www.amazontripperu.com\/es\/wp-json\/wp\/v2\/users\/1"}],"replies":[{"embeddable":true,"href":"https:\/\/www.amazontripperu.com\/es\/wp-json\/wp\/v2\/comments?post=1237"}],"version-history":[{"count":5,"href":"https:\/\/www.amazontripperu.com\/es\/wp-json\/wp\/v2\/pages\/1237\/revisions"}],"predecessor-version":[{"id":3141,"href":"https:\/\/www.amazontripperu.com\/es\/wp-json\/wp\/v2\/pages\/1237\/revisions\/3141"}],"up":[{"embeddable":true,"href":"https:\/\/www.amazontripperu.com\/es\/wp-json\/wp\/v2\/pages\/3077"}],"wp:featuredmedia":[{"embeddable":true,"href":"https:\/\/www.amazontripperu.com\/es\/wp-json\/wp\/v2\/media\/1282"}],"wp:attachment":[{"href":"https:\/\/www.amazontripperu.com\/es\/wp-json\/wp\/v2\/media?parent=1237"}],"wp:term":[{"taxonomy":"category","embeddable":true,"href":"https:\/\/www.amazontripperu.com\/es\/wp-json\/wp\/v2\/categories?post=1237"},{"taxonomy":"post_tag","embeddable":true,"href":"https:\/\/www.amazontripperu.com\/es\/wp-json\/wp\/v2\/tags?post=1237"}],"curies":[{"name":"wp","href":"https:\/\/api.w.org\/{rel}","templated":true}]}}