{"id":1240,"date":"2017-12-20T16:39:29","date_gmt":"2017-12-20T19:09:29","guid":{"rendered":"http:\/\/www.amazontripperu.com\/?p=1240"},"modified":"2023-01-04T20:41:19","modified_gmt":"2023-01-04T23:11:19","slug":"lares-trek-machu-picchu-4-days","status":"publish","type":"page","link":"https:\/\/www.amazontripperu.com\/es\/peru-tours\/inca-trail-to-machupicchu\/lares-trek-machu-picchu-4-days\/","title":{"rendered":"LARES TREK A MACHU PICCHU 4 DIAS"},"content":{"rendered":"<p>Hay algunas razones por las cuales <strong>Amazon Trip Peru<\/strong> tiene la mejor ruta del Trekking Lares &amp; Machu Picchu: Usted disfrutar\u00e1 de una camina sin mucha gente para poder apreciar las comunidades aisladas como Cancha Cancha dond\u00e9 no llega ning\u00fan transporte, tampoco hay el uso de energia electrica! Usted disfrutara de los paisajes estupendos as\u00ed como de las vistas sobre algunas lagunas hermosas de origen glaciar.<\/p>\n<p>Tiene un guia profesional que le ense\u00f1a la cultura andina y los sitios arqueol\u00f3gicos \u00fanicos; disfrutar de platos deliciosos y aprovecha nuestro equipo de acampamento muy c\u00f3modo. Finalmente disfruta de las aguas termales de Lares al terminar \u00a0la caminata, para estar listo y preparado en admirar la Nueva Maravilla del Mundo: Machu Picchu.<br \/>\nEsta caminata es una excelente alternativa al Camino Inca Clasico y \u00a0un poco mas facil que el trek del Salkantay, con hermosas vistas y una cultura Inca viviente.<\/p>\n<p><strong style=\"font-size: 1rem;\">DIA 1 : CUSCO \u2013 HUARAN \u2013 CANCHA CANCHA<\/strong><\/p>\n<p>Le recogemos temprano a las 6am de su hotel y hacemos el transporte con nuestro vehiculo privado a traves del Valle Sagrado hasta la comunidad de Huaran (2840msnm), lugar de inicio para empezar el \u00a0trek. All\u00ed encontramos a nuestros porteadores y preparamos los caballos. Luego empezamos nuestra gran aventura por una subida suave caminando junto al rio Canchacancha por una 6 horas. Llegamos al pueblo de Cancha Cancha donde esta programado nuestro almuerzo. Despu\u00e9s tendremos tiempo para explorar la zona y luego estar bien instalados en nuestro primer campamento. Un lonche muy agradable nos espera para disfrutar de la tranquilidad del lugar y m\u00e1s tarde una cena reconfortante para \u00a0dormir como angeles.<\/p>\n<ul>\n<li><strong>Alimentaci\u00f3n:<\/strong>\u00a0Almuerzo \u2013 Lonche \u2013 Cena .<\/li>\n<li><strong>Alojamiento:<\/strong>\u00a0Campamento<\/li>\n<li><strong>Altitud m\u00ednima:<\/strong>\u00a02.900 msnm<\/li>\n<li><strong>Altitud m\u00e1xima:<\/strong>\u00a03800 msnm<\/li>\n<li><strong>Distancia:<\/strong>\u00a011 km<\/li>\n<li><strong>Tiempo:<\/strong>\u00a06 horas aproximadamente<\/li>\n<li><strong>Dificultad:<\/strong>\u00a0Moderada<\/li>\n<\/ul>\n<p><strong>DIA 2 : CANCHA CANCHA \u2013 QUISHUARANI<\/strong><\/p>\n<p>Hoy es el d\u00eda m\u00e1s dif\u00edcil del trek. \u00a0Despu\u00e9s del desayuno, empezamos la caminata hacia el punto m\u00e1s alto de nuestro trek \u00a0de nombre \u00a0Paso de Pachacutec (4758 msnm). De all\u00ed disfrutamos de las hermosas vistas sobre los nevados del Pitusiray y la laguna Pachacutec de origen glaciar. Luego bajamos por unas 2 horas y hacemos una pausa para almorzar. \u00a0Despu\u00e9s del almuerzo llega la hora de un agradable descanso. \u00a0Retomamos la caminata bajando por el valle hermoso y poder admirar varias lagunas de origen glaciar. Tendremos la gran oportunidad de \u00a0observar \u00a0manadas de llamas y alpacas antes de llegar a nuestro campamento programado en Quishuarani, t\u00edpico pueblo andino construido de casas de adobe y \u00a0piedras.<\/p>\n<ul>\n<li><strong>Alimentaci\u00f3n:<\/strong>\u00a0Desayuno \u2013 Almuerzo \u2013 Lonche \u2013 Cena<\/li>\n<li><strong>Alojamiento:<\/strong>\u00a0Campamento<\/li>\n<li><strong>Altitud m\u00ednima:<\/strong>\u00a03800 msnm<\/li>\n<li><strong>Altitud m\u00e1xima:<\/strong>\u00a04700 msnm<\/li>\n<li><strong>Distancia:<\/strong>\u00a014 km<\/li>\n<li><strong>Tiempo:<\/strong>\u00a08 horas aproximadamente<\/li>\n<li><strong>Dificultad:<\/strong>\u00a0Dif\u00edcil<\/li>\n<\/ul>\n<p><strong>DIA 3: QUISHUARANI \u2013 CUNCANI \u2013 LARES \u2013 OLLANTAYTAMBO \u2013 AGUAS CALIENTES<\/strong><\/p>\n<p>Despu\u00e9s de un desayuno reparador empezamos de nuevo la caminata por una subida hac\u00eda el segundo paso de Willqaqasa ubicado a 4200msnm. All\u00ed se presenta la gran oportunidad de apreciar \u00a0los nevados del Pitusiray y Colquecruz. Luego seguimos nuestro camino a trav\u00e9s de la Puna hecha de pajonales y de algunas lagunas diseminadas por la ruta. Despu\u00e9s de unas 5 horas llegamos al pueblo de Cuncani y seguimos bajando hac\u00eda el valle mientras observamos una rica flora con orquideas y begonias. Por fin llegamos a Lares (3100msnm) y disfrutamos de las aguas termales. Despu\u00e9s del almuerzo tomamos nuestro vehiculo privado para irnos a Ollantaytambo lugar para disfrutar de una cena reparadora, despu\u00e9s nos dirijimos a la estaci\u00f3n de Ollanta \u00a0para abordar el tren rumbo al pueblo de Aguas Calientes. All\u00ed pasaremos la noche en un hotel muy c\u00f3modo con ducha caliente.<\/p>\n<ul>\n<li><strong>Alimentaci\u00f3n:<\/strong>\u00a0Desayuno \u2013 Almuerzo \u2013 Cena<\/li>\n<li><strong>Alojamiento:<\/strong>\u00a0Hotel<\/li>\n<li><strong>Altitud m\u00ednima:<\/strong>\u00a02800 msnm<\/li>\n<li><strong>Altitud m\u00e1xima:\u00a0<\/strong>3800 msnm<\/li>\n<li><strong>Distancia:<\/strong>\u00a015 km<\/li>\n<li><strong>Tiempo:<\/strong>\u00a06 horas aproximadamente<\/li>\n<li><strong>Dificultad:<\/strong>\u00a0Moderada<\/li>\n<\/ul>\n<p><strong>DIA 4: AGUAS CALIENTES \u2013 MACHU PICCHU \u2013 CUSCO<\/strong><\/p>\n<p>Temprano por la ma\u00f1ana (antes del amanecer) nos dirigimos a la estaci\u00f3n del bus que nos conducir\u00e1 por 25 min. hasta la ciudadela Inca de Machu Picchu para que pueda apreciar esta famosa ciudad en su m\u00e1xima expresi\u00f3n con la salida del sol, poder tomar la fotos con los escenarios \u00fanicos que ofrece el lugar, todo esto ser\u00e1 posible \u00a0antes de que llegue la mayor\u00eda de visitantes. Luego tendr\u00e1 un tour de 2.5 horas a Machu Picchu con su gu\u00eda y despu\u00e9s \u00a0podr\u00e1 explorar m\u00e1s de la ciudadela Inka por su cuenta, caminar hasta la Puerta del Sol o escalar la Monta\u00f1a Sagrada del \u00a0Wayna Picchu (una muy buena opci\u00f3n). En la tarde, Usted tendr\u00e1 que regresar a Aguas Calientes para tomar el tren Expedition de las 4.22pm hasta Ollantaytambo, lugar donde esperar\u00e1 nuestro \u00a0vehiculo privado de la agencia para su traslado hasta su hotel en la ciudad del Cusco.<\/p>\n<ul>\n<li><strong>Alimentaci\u00f3n:<\/strong>\u00a0Desayuno<\/li>\n<li><strong>Altitud m\u00ednima:<\/strong>\u00a02000 msnm<\/li>\n<li><strong>Altitud m\u00e1xima:<\/strong>\u00a02400 msnm<\/li>\n<li><strong>Dificultad:<\/strong> F\u00e1cil.<\/li>\n<\/ul>\n<p><\/p>","protected":false},"excerpt":{"rendered":"<p>Hay algunas razones por las cuales Amazon Trip Peru tiene la mejor ruta del Trekking Lares &amp; Machu Picchu: Usted disfrutar\u00e1 de una camina sin mucha gente para poder apreciar las comunidades aisladas como Cancha Cancha dond\u00e9 no llega ning\u00fan transporte, tampoco hay el uso de energia electrica! Usted disfrutara de los paisajes estupendos as\u00ed &hellip; <\/p>\n<p class=\"link-more\"><a href=\"https:\/\/www.amazontripperu.com\/es\/peru-tours\/inca-trail-to-machupicchu\/lares-trek-machu-picchu-4-days\/\" class=\"more-link\">Continuar leyendo<span class=\"screen-reader-text\"> \u00abLARES TREK A MACHU PICCHU 4 DIAS\u00bb<\/span><\/a><\/p>\n","protected":false},"author":1,"featured_media":1287,"parent":3077,"menu_order":0,"comment_status":"closed","ping_status":"closed","template":"page-templates\/tour-theme.php","meta":{"_acf_changed":false,"footnotes":""},"categories":[1,43],"tags":[],"class_list":["post-1240","page","type-page","status-publish","has-post-thumbnail","hentry","category-all-tours","category-inca-trail-to-machupicchu"],"acf":[],"_links":{"self":[{"href":"https:\/\/www.amazontripperu.com\/es\/wp-json\/wp\/v2\/pages\/1240","targetHints":{"allow":["GET"]}}],"collection":[{"href":"https:\/\/www.amazontripperu.com\/es\/wp-json\/wp\/v2\/pages"}],"about":[{"href":"https:\/\/www.amazontripperu.com\/es\/wp-json\/wp\/v2\/types\/page"}],"author":[{"embeddable":true,"href":"https:\/\/www.amazontripperu.com\/es\/wp-json\/wp\/v2\/users\/1"}],"replies":[{"embeddable":true,"href":"https:\/\/www.amazontripperu.com\/es\/wp-json\/wp\/v2\/comments?post=1240"}],"version-history":[{"count":5,"href":"https:\/\/www.amazontripperu.com\/es\/wp-json\/wp\/v2\/pages\/1240\/revisions"}],"predecessor-version":[{"id":3142,"href":"https:\/\/www.amazontripperu.com\/es\/wp-json\/wp\/v2\/pages\/1240\/revisions\/3142"}],"up":[{"embeddable":true,"href":"https:\/\/www.amazontripperu.com\/es\/wp-json\/wp\/v2\/pages\/3077"}],"wp:featuredmedia":[{"embeddable":true,"href":"https:\/\/www.amazontripperu.com\/es\/wp-json\/wp\/v2\/media\/1287"}],"wp:attachment":[{"href":"https:\/\/www.amazontripperu.com\/es\/wp-json\/wp\/v2\/media?parent=1240"}],"wp:term":[{"taxonomy":"category","embeddable":true,"href":"https:\/\/www.amazontripperu.com\/es\/wp-json\/wp\/v2\/categories?post=1240"},{"taxonomy":"post_tag","embeddable":true,"href":"https:\/\/www.amazontripperu.com\/es\/wp-json\/wp\/v2\/tags?post=1240"}],"curies":[{"name":"wp","href":"https:\/\/api.w.org\/{rel}","templated":true}]}}