{"id":1249,"date":"2017-12-20T19:24:55","date_gmt":"2017-12-20T21:54:55","guid":{"rendered":"http:\/\/www.amazontripperu.com\/?p=1249"},"modified":"2023-01-04T20:40:01","modified_gmt":"2023-01-04T23:10:01","slug":"salkantay-trek-machu-picchu-5-days","status":"publish","type":"page","link":"https:\/\/www.amazontripperu.com\/es\/peru-tours\/inca-trail-to-machupicchu\/salkantay-trek-machu-picchu-5-days\/","title":{"rendered":"SALKANTAY TREK MACHU PICCHU 5 DIAS"},"content":{"rendered":"<p>Amazon Trip Peru es la \u00fanica agencia de viaje que realmente hace la caminata inolvidables, Este impresionante trek pasa por debajo de la magn\u00edfica monta\u00f1a Salkantay (6.71\/20569ft), una de las m\u00e1s altas y m\u00e1s impactantes de los Andes peruanos. Sus primeros dos d\u00edas estar\u00e1n dominados por los impresionantes \u201cApus\u201d de Salkantay y Huamantay, lago umantay, \u00a0mientras recorre el alto paisaje de la Puna. El cuarto d\u00eda descender\u00e1 al c\u00e1lido bosque de neblina para llegar a Aguas Calientes el quinto d\u00eda. La impresionante ciudad sagrada inca de Machu Picchu se visita durante el \u00faltimo d\u00eda del programa. Este tour es una alternativa interesante para aquellos que no hayan encontrado espacio en el trek del Camino Inca a Machu Picchu. El Salkantay \u00a0Trek fue recientemente nombrado entre los mejores 25 treks del mundo, por la revista National Geographic Adventure Travel.<\/p>\n<p><strong>ITINERARIO<\/strong><\/p>\n<p><strong>DIA 1: CUSCO \u2013 LAGO UMANTAY \u2013 SORAYPAMPA<\/strong><\/p>\n<p><strong>\u00a0<\/strong>Salida 4.30 AM partimos de Cusco, pasando por las localidades de Izcuchaca y Limatambo arribando a Molle pata (2900m.s.n.m) donde estaremos aproximadamente a las 7:30 AM\u00a0 donde tendremos nuestro desayuno, luego nos dispondremos a dar inicio a nuestra excurcion primero tomaremos un cami\u00f3n que nos llevara hasta el punto de markokasa(50 min) (3380m.s.n.m) desde ese punto empezara nuestra caminata) en un aproximado de 5 horas pasando por los poblados de markokasa y canaleta inka y asi llegando a soraypamapa (3900m.s.n.m) donde estaremos arribando a las 1.30 pm\u00a0 ah\u00ed tomaremos nuestro primer almuerzo y primer campamento luego del almuerzo podremos ir a visitar la hermosa laguna del humantay (4200m.s.n.m) 1. 30\u00a0 horas hacia arriba donde tendremos vistas impresionantes de dicha monta\u00f1a y por la noche tendremos nuestra cena para luego poder descansar.<\/p>\n<p>&nbsp;<\/p>\n<p><strong>DIA 2: SORAYPAMPA \u2013 CHAULLAY<\/strong><strong> 21km<\/strong> <strong>aprox<\/strong> Siendo las 7:00am nos dispondremos a degustar del desayuno para luego continuar con nuestra caminata, iniciamos desde el punto de soraypamapa hasta el punto mas alto abra salkantay (5 a 6 horas) (4650m.s.n.m) pasando por salkantaypampa y soyrococha donde apreciaremos una peque\u00f1a laguna luego empezaremos el descenso hasta huayracmachay (4h) (3800m.s.n.m) donde tomaremos nuestro almuerzo luego seguiremos bajando hasta chaullay (3h) (2900m.s.n.m)donde ser\u00e1 nuestro segundo campamento<\/p>\n<ul>\n<li><strong>Alimentacion:<\/strong>\u00a0Desayuno \u2013 Almuerzo \u2013 Lonche \u2013 Cena<\/li>\n<li><strong>Alojamiento:<\/strong>\u00a0Campamento<\/li>\n<li><strong>Altitud m\u00ednima:<\/strong>\u00a02900m<\/li>\n<li><strong>Altitud m\u00e1xima:\u00a0<\/strong>4650m<\/li>\n<li><strong>Distancia:<\/strong>\u00a016km<\/li>\n<li><strong>Tiempo:<\/strong>\u00a08h aproximadamente<\/li>\n<li><strong>Dificultad:<\/strong>\u00a0Dif\u00edcil<\/li>\n<\/ul>\n<p><strong>DIA 3: CHAULLAY \u2013 PLAYA SAHUAYACO \u2013 SANTA<\/strong><strong> TERESA 10km aprox <\/strong>Continuando nuestro paseo\u00a0 luego de un reconfortante desayuno\u00a0 iniciaremos nuestra caminata apreciando una variedad de\u00a0 cultivos de coca, considerado la hoja sagrada de nuestros ancestros el cual es cultivada actualmente en zonas tropicales, este \u00faltimo tramo ser\u00e1 de descenso\u00a0 hasta Playa(5h)(1900m.s.n.m) donde tomaremos nuestro almuerzo y de all\u00ed rumbo a Santa Teresa en un bus donde\u00a0 pasaremos la noche. opcinal visita las termas de cocalmayo<\/p>\n<ul>\n<li><strong>Alimentacion:<\/strong>\u00a0Desayuno \u2013 Almuerzo \u2013 Lonche \u2013 Cena<\/li>\n<li><strong>Alojamiento:<\/strong>\u00a0Campamento<\/li>\n<li><strong>Altitud m\u00ednima:<\/strong>\u00a02050m<\/li>\n<li><strong>Altitud m\u00e1xima:<\/strong>\u00a02850m<\/li>\n<li><strong>Distancia:<\/strong>\u00a020km<\/li>\n<li><strong>Tiempo:<\/strong>\u00a09h aproximadamente<\/li>\n<li><strong>Dificultad:<\/strong>\u00a0Dif\u00edcil<\/li>\n<\/ul>\n<p><strong>DIA 4: SANTA TERESA \u2013 AGUAS CALIENTES.<\/strong><strong>&#8211; <\/strong>El amanecer ser\u00e1 dentro de una zona tropical lleno de historia y naturaleza all\u00ed nuestro desayuno \u00a0nos espera listo para degustar y luego continuaremos nuestro viaje con direcci\u00f3n hacia Machupicchu pueblo\u2026 el llegar a este poblado nos tomara un tiempo aproximado de 6 horas, pasando por el conocido centro de descanso de Hidroel\u00e9ctrica en este punotamremos un box lunch (Servicio de tren Hidroel\u00e9ctrica \u2013 Aguas Calientes: Opcional), haciendo paradas en diferentes lugares para apreciar simplemente el paisaje y su entorno lleno de cascadas\u00a0 con impresionantes ca\u00eddas los cuales provienen de los glaciares, llegando por la tarde al poblado mencionado que popularmente es conocido como \u201caguas calientes\u201d,(2000m.s.n.m) all\u00ed pasaremos la noche en hostal al pie de la ciudadela Inka de Machupicchu.<\/p>\n<p>&nbsp;<\/p>\n<ul>\n<li><strong>Alimentacion:<\/strong>\u00a0Desayuno \u2013 Almuerzo \u2013 Cena<\/li>\n<li><strong>Alojamiento:<\/strong>\u00a0Hotel<\/li>\n<li><strong>Altitud m\u00ednima:<\/strong>\u00a02000m<\/li>\n<li><strong>Altitud m\u00e1xima:<\/strong>\u00a02700m<\/li>\n<li><strong>Distancia:<\/strong>\u00a015km<\/li>\n<li><strong>Tiempo:<\/strong>\u00a09h aproximadamente<\/li>\n<li><strong>Dificultad:<\/strong>\u00a0Moderada<\/li>\n<\/ul>\n<p><strong>DIA 5: MACHUPICCHU &#8211; CUSCO<\/strong> Por la madrugada alrededor de las 4.30 de la ma\u00f1ana ascenderemos hacia la \u00a0majestuosa ciudad Inka de Machupicchu donde visitaremos acompa\u00f1ado de nuestro gu\u00eda un aproximado de 2 hrs., y el resto del d\u00eda libre en el cual usted puede visitar Huayna Picchu, Inti Punku, templo de la luna o simplemente visitar una vez mas toda la ciudadela, retornamos por la tarde al poblado de Machupicchu pueblo dependiendo del horario de nuestro tren de retorno el cual daremos a conocer una vez usted reserve su viaje con nuestra compa\u00f1\u00eda<\/p>\n<ul>\n<li><strong>Alimentacion:<\/strong>\u00a0Desayuno<\/li>\n<li><strong>Dificultad:<\/strong>\u00a0F\u00e1cil<\/li>\n<\/ul>\n<p>&nbsp;<\/p>\n<p><strong><br \/>\n<\/strong> <strong><br \/>\n<\/strong><\/p>","protected":false},"excerpt":{"rendered":"<p>Amazon Trip Peru es la \u00fanica agencia de viaje que realmente hace la caminata inolvidables, Este impresionante trek pasa por debajo de la magn\u00edfica monta\u00f1a Salkantay (6.71\/20569ft), una de las m\u00e1s altas y m\u00e1s impactantes de los Andes peruanos. Sus primeros dos d\u00edas estar\u00e1n dominados por los impresionantes \u201cApus\u201d de Salkantay y Huamantay, lago umantay, &hellip; <\/p>\n<p class=\"link-more\"><a href=\"https:\/\/www.amazontripperu.com\/es\/peru-tours\/inca-trail-to-machupicchu\/salkantay-trek-machu-picchu-5-days\/\" class=\"more-link\">Continuar leyendo<span class=\"screen-reader-text\"> \u00abSALKANTAY TREK MACHU PICCHU 5 DIAS\u00bb<\/span><\/a><\/p>\n","protected":false},"author":1,"featured_media":2202,"parent":3077,"menu_order":0,"comment_status":"closed","ping_status":"closed","template":"page-templates\/tour-theme.php","meta":{"_acf_changed":false,"footnotes":""},"categories":[1,43],"tags":[],"class_list":["post-1249","page","type-page","status-publish","has-post-thumbnail","hentry","category-all-tours","category-inca-trail-to-machupicchu"],"acf":[],"_links":{"self":[{"href":"https:\/\/www.amazontripperu.com\/es\/wp-json\/wp\/v2\/pages\/1249","targetHints":{"allow":["GET"]}}],"collection":[{"href":"https:\/\/www.amazontripperu.com\/es\/wp-json\/wp\/v2\/pages"}],"about":[{"href":"https:\/\/www.amazontripperu.com\/es\/wp-json\/wp\/v2\/types\/page"}],"author":[{"embeddable":true,"href":"https:\/\/www.amazontripperu.com\/es\/wp-json\/wp\/v2\/users\/1"}],"replies":[{"embeddable":true,"href":"https:\/\/www.amazontripperu.com\/es\/wp-json\/wp\/v2\/comments?post=1249"}],"version-history":[{"count":5,"href":"https:\/\/www.amazontripperu.com\/es\/wp-json\/wp\/v2\/pages\/1249\/revisions"}],"predecessor-version":[{"id":3138,"href":"https:\/\/www.amazontripperu.com\/es\/wp-json\/wp\/v2\/pages\/1249\/revisions\/3138"}],"up":[{"embeddable":true,"href":"https:\/\/www.amazontripperu.com\/es\/wp-json\/wp\/v2\/pages\/3077"}],"wp:featuredmedia":[{"embeddable":true,"href":"https:\/\/www.amazontripperu.com\/es\/wp-json\/wp\/v2\/media\/2202"}],"wp:attachment":[{"href":"https:\/\/www.amazontripperu.com\/es\/wp-json\/wp\/v2\/media?parent=1249"}],"wp:term":[{"taxonomy":"category","embeddable":true,"href":"https:\/\/www.amazontripperu.com\/es\/wp-json\/wp\/v2\/categories?post=1249"},{"taxonomy":"post_tag","embeddable":true,"href":"https:\/\/www.amazontripperu.com\/es\/wp-json\/wp\/v2\/tags?post=1249"}],"curies":[{"name":"wp","href":"https:\/\/api.w.org\/{rel}","templated":true}]}}