{"id":2049,"date":"2019-06-18T22:55:41","date_gmt":"2019-06-19T01:25:41","guid":{"rendered":"https:\/\/www.amazontripperu.com\/?p=2049"},"modified":"2023-05-11T15:51:24","modified_gmt":"2023-05-11T18:21:24","slug":"tour-manu-reserve-zone-jaguar-and-tapir-clay-lick-7days-2","status":"publish","type":"page","link":"https:\/\/www.amazontripperu.com\/es\/peru-tours\/amazon-tours\/tour-manu-reserve-zone-jaguar-and-tapir-clay-lick-7days-2\/","title":{"rendered":"Manu Foto Tours + Collpa de Tapir y Guacamayos 7 dias"},"content":{"rendered":"<p><\/p>\n<h2>D\u00eda 01: Ciudad del Cusco &#8211; Bosque Nuboso &#8211; Pilcopata Lodge.<\/h2>\n<p>Nuestro Amazon Tours comienza a las 6:00 a.m. a trav\u00e9s de los Andes desde la ciudad de Cusco, en una minivan privada, con destino a la selva. primer descanso para visitar las torres funerarias pre incas del sitio arqueol\u00f3gico de Ninamarca. Luego cruzaremos por el t\u00edpico y pintoresco pueblo de Paucartambo con una visi\u00f3n general r\u00e1pida del estilo de vida y la ropa colorida de los lugare\u00f1os, antes de la entrada al Parque Nacional del Manu, que tiene una altitud m\u00e1xima de 3900 m\/12 790 pies. F. Desde all\u00ed nos adentraremos en el Bosque Nuboso Misterioso tal Ambiente lleno de orqu\u00eddeas, heliconias y helechos primitivos y en el Bosque de Niebla. Despu\u00e9s del almuerzo avistaremos el Ave Nacional Peruana del Per\u00fa, el gallito de las rocas (Rupicola Peruviana), quetzales, p\u00e1jaro paraguas amaz\u00f3nico, trogones (Trogon sp.), el mono m\u00e1s grande del Per\u00fa (monos lanudos), algunos capuchinos pardos y con suerte. el \u00fanico oso de anteojos de Am\u00e9rica del Sur, para que pueda disfrutar viendo los paisajes circundantes a diferentes niveles de monta\u00f1as. Por la tarde, arribamos al pueblo de Pilcopata.<\/p>\n<h2>D\u00eda 02: Pillcopata &#8211; Atalaya \u2013 Hot Sprint &#8211; Comunidad Nativa Shipitiari.<\/h2>\n<p>Se despertar\u00e1 con el canto de las aves amaz\u00f3nicas para la hora del desayuno, luego continuaremos en camioneta hasta el puerto de Atalaya, en el camino nos detendremos para visitar las plantaciones de coca. Tambi\u00e9n hay una bonita vista para ver la selva tropical de tierras bajas. Luego navegaremos en bote por este r\u00edo cristalino de Madre de Dios. Explorando la vida silvestre a lo largo del r\u00edo Madre Dios recorrer\u00e1 el bosque primario en busca de algunas familias de carpinchos, p\u00e1jaros, monos. Visitaremos la comunidad de Shintuya, que a\u00fan conserva la costumbre de la familia Aranbut; mientras tanto, se le proporcionar\u00e1n algunas explicaciones sobre las actividades diarias, los reptiles y los mam\u00edferos, luego tendremos una breve parada para disfrutar de las aguas termales de medicina natural. luego continuamos en bote por el r\u00edo Madre Dios visitando comunidades nativas a shipitiari donde tenemos contacto con una tribu nativa para conocer sus costumbres y su vida diaria. Noche en un ecolodge local de shipitiari.<\/p>\n<h2>D\u00eda 03: Comunidad Nativa Shipitiari &#8211; Exploraci\u00f3n Selva Primaria \u2013 Collpa de Tapir.<\/h2>\n<p>Hoy nos adentramos en las profundas tierras bajas del Amazonas: el bosque de tierra firme, donde tiene todo el d\u00eda para explorar el bosque primario, junto con enormes \u00e1rboles de ceiba, la madre de la selva peruana. A trav\u00e9s del Bosque Seco Tropical investigando guacamayos, tucanes, serpientes, tal vez un Jaguar (Panthera Onca) descansando en un tronco. Despu\u00e9s del almuerzo disfrutaremos de la curaci\u00f3n de la terapia de arcilla de la selva y nadaremos en el r\u00edo del Parque Nacional Manu. Siempre buscando algunas aves ex\u00f3ticas como trompetistas de tuc\u00e1n, especialmente para los observadores de aves y buscando algunas familias de monos, pecar\u00edes, venados, el mono aullador rojo m\u00e1s grande, capuchino marr\u00f3n, mono ara\u00f1a, capuchino de frente blanca, tamarinos, mono lanudo. Despu\u00e9s de la cena, visitaremos la colpa de tapires, all\u00ed esperar\u00e1 frente a la piscina fangosa de sal para ver a los tapires comiendo minerales de sal. en la collpa de tapires m\u00e1s activa de la Amazon\u00eda peruana. Quienes vienen a esta collpa para comer arcilla de debajo de las ra\u00edces de los \u00e1rboles alrededor del borde, quienes comen para neutralizar las toxinas en la dieta vegetariana. El Tapir es considerado el animal terrestre m\u00e1s grande de Am\u00e9rica del Sur. Esta Experiencia Tapir es \u00fanica y emocionante porque estas criaturas normalmente muy t\u00edmidas son visibles de cerca, esperaremos en silencio desde 30 minutos hasta dos o m\u00e1s horas, cuando llegue el primer Tapir, momento en el que su gu\u00eda tur\u00edstico lo despertar\u00e1 suavemente para observar el Tapir 10-20m \/ 33-66ft) debajo de la plataforma con suerte veremos animales durante la Caminata Nocturna, como ocelotes y b\u00fahos, luego camino de regreso al Lodge.<\/p>\n<h2>D\u00eda 04: Shipitiari \u2013 Paseo en Bote &#8211; Otorongo Oxbow Lake \u2013 Casa Matchiguenka Lodge.<\/h2>\n<p>El viaje en bote contin\u00faa a trav\u00e9s del r\u00edo Manu con una breve parada en la estaci\u00f3n de guardabosques del parque Limonal y luego uno podr\u00e1 comprender por qu\u00e9 el Parque Nacional Manu es tan famoso por su vida silvestre. En las orillas del r\u00edo observar\u00e1 grupos de tortugas, caimanes blancos (Caiman cocodrylus), carpinchos (Hydrochaeris) y tal vez un jaguar (Panthera onca) descansando sobre un tronco y observando su territorio. Por la tarde exploraremos el lago Otorongo Oxbow m\u00e1s grande y la torre de observaci\u00f3n de la nutria gigante caminando varias horas alrededor del lago junto con el gu\u00eda para aprender las funciones y secretos de la selva tropical. Pernocte en Casa Matchiguenka Lodge con caminata nocturna.<\/p>\n<p>&nbsp;<\/p>\n<p><strong>D\u00eda 05: Salvador oxbow Lake- Macaw Clay Lick &#8211; Full Jungle Hike.<\/strong><\/p>\n<p>El emocionante viaje comienza con experiencias llenas de avistamientos para visitar el lago Salvador Oxbow en catamar\u00e1n, all\u00ed remando en silencio tiene nuevamente posibilidades de observar la poblaci\u00f3n de nutrias gigantes pescando pira\u00f1as y muchas especies de aves raras, como los Hoatzins (Opisthocomus hoatzin), interesantes rapaces, garzas Agami, coloridos guacamayos, orop\u00e9ndolas y caciques, simplemente flotando alrededor del lago ser\u00e1n una de las alegr\u00edas del viaje After. Aqu\u00ed en el Parque Nacional del Manu los animales nunca han sufrido la presi\u00f3n de caza por parte del hombre. Despu\u00e9s del desayuno visitaremos la gran collpa de guacamayos para ver los coloridos guacamayos, parqu\u00e9s que comen minerales de sal.<\/p>\n<p>medio d\u00eda exploraremos los senderos del bosque salvaje, tambi\u00e9n buscar\u00e1 m\u00e1s especies de monos, como el capuchino de frente blanca, el tit\u00ed pigmeo. guacamayos, serpientes y ceibas gigantes la madre de la selva, por la tarde retornaremos a nuestro albergue e interactuando con los nativos saliendo de all\u00ed.<\/p>\n<h2>D\u00eda 06: Casa Matsiguenka Lodge \u2013- Lago Brasco Oxbow \u2013 Shipitiari Lodge.<\/h2>\n<p>El canto de los monos aulladores rojos (Alouatta seniculus) Despu\u00e9s de un buen desayuno lamentablemente tenemos que emprender el regreso a Boca Manu. Esta ser\u00e1 nuevamente otra oportunidad para vislumbrar la Magn\u00edfica Gran Vida Silvestre a lo largo del r\u00edo Manu, el grupo podr\u00eda ver, carpinchos, tapires y el famoso jaguar. Visitaremos el lago Brasco Oxbow para observar nutrias gigantes, monos y perezosos. Por la tarde el grupo llega a nuestro albergue luego pasamos la noche all\u00ed.<\/p>\n<h2>\u00a0D\u00eda 07: Shipitiari Lodge \u2013 Atalaya \u2013 Bosque de Nubes\u2013 Cusco.<\/h2>\n<p>Muy temprano retornamos por el rio madre de dios \u00a0para buscar capibaras, hacia Atalaya en bote y luego con nuestro autom\u00f3vil a trav\u00e9s del bosque nuboso con una camioneta privada a Cusco. dejarte en la plaza de tu hotel. Aprox. 17:00<\/p>","protected":false},"excerpt":{"rendered":"<p>D\u00eda 01: Ciudad del Cusco &#8211; Bosque Nuboso &#8211; Pilcopata Lodge. Nuestro Amazon Tours comienza a las 6:00 a.m. a trav\u00e9s de los Andes desde la ciudad de Cusco, en una minivan privada, con destino a la selva. primer descanso para visitar las torres funerarias pre incas del sitio arqueol\u00f3gico de Ninamarca. Luego cruzaremos por &hellip; <\/p>\n<p class=\"link-more\"><a href=\"https:\/\/www.amazontripperu.com\/es\/peru-tours\/amazon-tours\/tour-manu-reserve-zone-jaguar-and-tapir-clay-lick-7days-2\/\" class=\"more-link\">Continuar leyendo<span class=\"screen-reader-text\"> \u00abManu Foto Tours + Collpa de Tapir y Guacamayos 7 dias\u00bb<\/span><\/a><\/p>\n","protected":false},"author":3,"featured_media":2474,"parent":3065,"menu_order":0,"comment_status":"closed","ping_status":"closed","template":"page-templates\/tour-theme.php","meta":{"_acf_changed":false,"footnotes":""},"categories":[1,33,37,36],"tags":[],"class_list":["post-2049","page","type-page","status-publish","has-post-thumbnail","hentry","category-all-tours","category-amazon-tours","category-manu-expeditions","category-tambopata-tours"],"acf":[],"_links":{"self":[{"href":"https:\/\/www.amazontripperu.com\/es\/wp-json\/wp\/v2\/pages\/2049","targetHints":{"allow":["GET"]}}],"collection":[{"href":"https:\/\/www.amazontripperu.com\/es\/wp-json\/wp\/v2\/pages"}],"about":[{"href":"https:\/\/www.amazontripperu.com\/es\/wp-json\/wp\/v2\/types\/page"}],"author":[{"embeddable":true,"href":"https:\/\/www.amazontripperu.com\/es\/wp-json\/wp\/v2\/users\/3"}],"replies":[{"embeddable":true,"href":"https:\/\/www.amazontripperu.com\/es\/wp-json\/wp\/v2\/comments?post=2049"}],"version-history":[{"count":5,"href":"https:\/\/www.amazontripperu.com\/es\/wp-json\/wp\/v2\/pages\/2049\/revisions"}],"predecessor-version":[{"id":3265,"href":"https:\/\/www.amazontripperu.com\/es\/wp-json\/wp\/v2\/pages\/2049\/revisions\/3265"}],"up":[{"embeddable":true,"href":"https:\/\/www.amazontripperu.com\/es\/wp-json\/wp\/v2\/pages\/3065"}],"wp:featuredmedia":[{"embeddable":true,"href":"https:\/\/www.amazontripperu.com\/es\/wp-json\/wp\/v2\/media\/2474"}],"wp:attachment":[{"href":"https:\/\/www.amazontripperu.com\/es\/wp-json\/wp\/v2\/media?parent=2049"}],"wp:term":[{"taxonomy":"category","embeddable":true,"href":"https:\/\/www.amazontripperu.com\/es\/wp-json\/wp\/v2\/categories?post=2049"},{"taxonomy":"post_tag","embeddable":true,"href":"https:\/\/www.amazontripperu.com\/es\/wp-json\/wp\/v2\/tags?post=2049"}],"curies":[{"name":"wp","href":"https:\/\/api.w.org\/{rel}","templated":true}]}}