{"id":2057,"date":"2019-06-19T13:37:36","date_gmt":"2019-06-19T16:07:36","guid":{"rendered":"https:\/\/www.amazontripperu.com\/?p=2057"},"modified":"2024-01-04T21:44:37","modified_gmt":"2024-01-05T00:14:37","slug":"manu-petroglyphs-pusharo-6-days","status":"publish","type":"page","link":"https:\/\/www.amazontripperu.com\/es\/peru-tours\/amazon-tours\/manu-petroglyphs-pusharo-6-days\/","title":{"rendered":"Petroglifos de pusharo Manu 6 Dias"},"content":{"rendered":"<p><\/p>\n<h2>DIA 01: CUSCO \u2013 BOSQUE DE NUBES \u2013 CAMINATAS &#8211; PILCOPATA.<\/h2>\n<p>Nuestro Viaje a la Selva Salvaje empieza a las 6.00am desde la ciudad de Cusco en un van Privado con destino a la Selva Tropical de Amazonas. Primera parada en las torres funerarias pre inca de Ninamarca, luego pasamos por el pueblo T\u00edpico y Folcl\u00f3rico de Paucartambo con una peque\u00f1a parada, antes de ingresar al Parque Nacional de Manu llegamos al punto m\u00e1s alto 3.900 msnm Ajanacu. Desde all\u00ed ingresamos al Misterioso Bosque de Nubes lleno de hermosos orquidias, heliconias y helechos primitivos y bosque de nubes. Despues del almuerzo tendremos avista-miento de Aves Ex\u00f3ticas como Trogones (Trogon sp.), Quetzal, el Gallito De Las Rocas (Rup\u00edcola peruviana) Ave Nacional del Per\u00fa, relojero de los andes, P\u00e1jaro sombrilla Amaz\u00f3nico y el Mono Choro el m\u00e1s grande del bosque de nubes, mono capuchino y con suerte el oso de anteojos. En la tarde llegamos a nuestro Albergue t\u00edpico con ba\u00f1os y duchas privados donde pasaremos la noche.<\/p>\n<h2>DIA 02: PILLCOPATA \u2013 LAGO MACHUHUASI \u2013 COMUNIDAD NATIVA DE TEPARO<\/h2>\n<p>Despu\u00e9s de un desayuno Continuamos en nuestro bus hacia el puerto de Atalaya, en el camino nos detendremos para visitar las plantaciones de coca. Tambi\u00e9n hay una bonita vista para ver la selva tropical de selva baja -350msnm. Desde Atalaya continuamos en bote a trav\u00e9s del r\u00edo Alto Madre de Dios hasta el segundo albergue, luego exploraremos la vida silvestre en el gran lago Machuhuasi, donde tomaremos una balsa y veremos el ave prehist\u00f3rica de Hoatzin y su caminata varias horas alrededor del lago observando caimanes, garzas, tucanes y monos. Despu\u00e9s del almuerzo continuamos en bote a la estaci\u00f3n de guardabosques de santa cruz para hacer checking de nuestra entrada. Luego tomaremos nuestro peque\u00f1o (barco de madera llamado \u00abPeque Peque\u00bb) a lo largo del r\u00edo Teparo. All\u00ed los nativos tienen diferentes comportamientos con la civilizaci\u00f3n. \u00abPalotoa Teparo\u00bb es una hermosa comunidad nativa con un grupo \u00e9tnico de Matshiguenka que se est\u00e1n involucrando en la econom\u00eda de mercado a trav\u00e9s del turismo. Caminatas Nocturnos en la Noche.<\/p>\n<h2>DIA 03.- COMUNIDAD NATIVA DE TEPARO\u2013 PETROGLYFOS DE PUSHARO.<\/h2>\n<p>El d\u00eda de nuestra Expedici\u00f3n a la selva amazonica comienza muy temprano en la ma\u00f1ana y a bordo de nuestro peque\u00f1o bote por este peque\u00f1o r\u00edo poco profundo por lo que tenemos que empujar el bote en algunas partes del rio y caminar, etc. Hasta llegar al pongo de Meganto, donde se encuentra el alto Concentraci\u00f3n de los mejores petroglyfos grabados. Estas manifestaciones sorprenden a los exploradores locales, extranjeros y cient\u00edficos, el \u00e1rea de Pusharo est\u00e1 relacionada con el legendario PAITITI o con la ciudad perdida de oro (EL DORADO). Los miembros de la comunidad nativa Palotoa Teparo consideran a Pusharo como el territorio de sus ancestros y su interrelaci\u00f3n con los petroglifos, hasta hace unos a\u00f1os como parte de sus creecias rituales asociados con la caza y eventos. Noche en el camping a orillas del r\u00edo.<\/p>\n<h2>DIA 04.- PETROGLYFOS DE PUSHARO \u2013 COMUNIDAD NATIVA DE TEPARO.<\/h2>\n<p>Con un excelente desayuno t\u00edpico, exploraremos la selva tropical buscando otros petroglifos y aprenderemos el por qu\u00e9 los incas hicieron las figuras misteriosas, disfrutando siempre de los animales ex\u00f3ticos. Despu\u00e9s de este Tiempo Fant\u00e1stico, regresaremos a la Comunidad Nativa en canoa, nadando, pescando y observando la Vida Silvestre en el Bosque Primario y seguro que disfrutaremos del agua dulce y cristalina del R\u00edo en la Jungle.<\/p>\n<h2>DIA 05.- COMUNIUDAD NATIVA DE TEPARO \u2013 COLLPA DE LOROS &#8211; ATALAYA \u2013 CUSCO.<\/h2>\n<p>Saldremos temprano para visitar la collpa de loros para ver cientos de periquitos y peque\u00f1os guacamayos que comen sales minerales. Despu\u00e9s de nuestro desayuno, regresamos a Cusco en nuestro autob\u00fas, tambi\u00e9n puede detenerse con frecuencia para ver la vida silvestre en el camino.se les deja en su hotel. Tiempo de llegada aprox. 7.00pm.<\/p>\n<h2>DIA 6<\/h2>\n<p>Retorno Cusco.<\/p>","protected":false},"excerpt":{"rendered":"<p>DIA 01: CUSCO \u2013 BOSQUE DE NUBES \u2013 CAMINATAS &#8211; PILCOPATA. Nuestro Viaje a la Selva Salvaje empieza a las 6.00am desde la ciudad de Cusco en un van Privado con destino a la Selva Tropical de Amazonas. Primera parada en las torres funerarias pre inca de Ninamarca, luego pasamos por el pueblo T\u00edpico y &hellip; <\/p>\n<p class=\"link-more\"><a href=\"https:\/\/www.amazontripperu.com\/es\/peru-tours\/amazon-tours\/manu-petroglyphs-pusharo-6-days\/\" class=\"more-link\">Continuar leyendo<span class=\"screen-reader-text\"> \u00abPetroglifos de pusharo Manu 6 Dias\u00bb<\/span><\/a><\/p>\n","protected":false},"author":3,"featured_media":2071,"parent":3065,"menu_order":0,"comment_status":"closed","ping_status":"closed","template":"page-templates\/tour-theme.php","meta":{"_acf_changed":false,"footnotes":""},"categories":[1,33,37],"tags":[],"class_list":["post-2057","page","type-page","status-publish","has-post-thumbnail","hentry","category-all-tours","category-amazon-tours","category-manu-expeditions"],"acf":[],"_links":{"self":[{"href":"https:\/\/www.amazontripperu.com\/es\/wp-json\/wp\/v2\/pages\/2057","targetHints":{"allow":["GET"]}}],"collection":[{"href":"https:\/\/www.amazontripperu.com\/es\/wp-json\/wp\/v2\/pages"}],"about":[{"href":"https:\/\/www.amazontripperu.com\/es\/wp-json\/wp\/v2\/types\/page"}],"author":[{"embeddable":true,"href":"https:\/\/www.amazontripperu.com\/es\/wp-json\/wp\/v2\/users\/3"}],"replies":[{"embeddable":true,"href":"https:\/\/www.amazontripperu.com\/es\/wp-json\/wp\/v2\/comments?post=2057"}],"version-history":[{"count":5,"href":"https:\/\/www.amazontripperu.com\/es\/wp-json\/wp\/v2\/pages\/2057\/revisions"}],"predecessor-version":[{"id":3424,"href":"https:\/\/www.amazontripperu.com\/es\/wp-json\/wp\/v2\/pages\/2057\/revisions\/3424"}],"up":[{"embeddable":true,"href":"https:\/\/www.amazontripperu.com\/es\/wp-json\/wp\/v2\/pages\/3065"}],"wp:featuredmedia":[{"embeddable":true,"href":"https:\/\/www.amazontripperu.com\/es\/wp-json\/wp\/v2\/media\/2071"}],"wp:attachment":[{"href":"https:\/\/www.amazontripperu.com\/es\/wp-json\/wp\/v2\/media?parent=2057"}],"wp:term":[{"taxonomy":"category","embeddable":true,"href":"https:\/\/www.amazontripperu.com\/es\/wp-json\/wp\/v2\/categories?post=2057"},{"taxonomy":"post_tag","embeddable":true,"href":"https:\/\/www.amazontripperu.com\/es\/wp-json\/wp\/v2\/tags?post=2057"}],"curies":[{"name":"wp","href":"https:\/\/api.w.org\/{rel}","templated":true}]}}