{"id":2475,"date":"2020-03-09T16:04:22","date_gmt":"2020-03-09T18:34:22","guid":{"rendered":"https:\/\/www.amazontripperu.com\/?p=2475"},"modified":"2025-02-21T20:26:05","modified_gmt":"2025-02-21T22:56:05","slug":"manu-wildlife-tour-tapir-and-parrot-clay-lick-5-days","status":"publish","type":"page","link":"https:\/\/www.amazontripperu.com\/es\/peru-tours\/amazon-tours\/manu-wildlife-tour-tapir-and-parrot-clay-lick-5-days\/","title":{"rendered":"Manu Wildlife Tour &#8211; Collpa de Tapir 5 Dias"},"content":{"rendered":"<p><\/p>\n<h2><span class=\"circle-day\">D\u00eda 01<\/span>Ciudad del Cusco &#8211; Bosque Nublado \u2013 Caminatas por la Selva &#8211; Pilcopata Lodge.<\/h2>\n<p>Nuestras Expeditions a la selva comienza a las 6:00 a. m. a trav\u00e9s de los Andes desde la ciudad de Cusco, en una minivan privada, con Destination a la amazonia. Primer descanso para visitar las torres funerarias preincaicas del Sitio Arqueol\u00f3gico de Ninamarca. Luego cruzaremos por el t\u00edpico y pintoresco pueblo de Paucartambo con una visi\u00f3n general r\u00e1pida del estilo de vida y la ropa colorida de los lugare\u00f1os, antes de la entrada al Parque Nacional del Manu, que tiene una altitud m\u00e1xima de 3900 m\/12 790 pies. F. Desde all\u00ed nos adentraremos en el Bosque Nuboso Misterioso, como el Medio Ambiente lleno de orqu\u00eddeas, heliconias y helechos primitivos y en el Bosque de Nubes. Despu\u00e9s del almuerzo avistaremos el Ave Nacional del Per\u00fa, el gallito de las rocas (Rupicola Peruviana), quetzales, p\u00e1jaro paraguas amaz\u00f3nico, trogones (Trogon sp.), el mono m\u00e1s grande del Per\u00fa (monos choro), algunos capuchinos pardos y con suerte. el \u00fanico oso de anteojos de Am\u00e9rica del Sur, para que pueda disfrutar viendo los paisajes circundantes a diferentes niveles de monta\u00f1as y valles. Por la tarde llegamos a Pilcopata Pueblo.<\/p>\n<h2><span class=\"circle-day\">D\u00eda 02<\/span>Pilcopata lodge &#8211; Paseo en Bote &#8211; Lago Machuwasi Oxbow \u2013 Manu Rainforest Lodge.<\/h2>\n<p>Se despertar\u00e1 con el canto de las aves amaz\u00f3nicos para la hora del desayuno, luego continuaremos en camioneta a trav\u00e9s de la vertiente sureste de los Andes peruanos hasta el puerto de Atalaya, en el camino nos detendremos para visitar las plantaciones de coca. Adem\u00e1s, hay una bonita vista para ver la selva tropical de tierras bajas. Luego navegaremos en bote por este r\u00edo cristalino de Madre de Dios. Explorando la vida silvestre y el gran lago Machuhuasi Oxbow, donde tomaremos una balsa de balsa y veremos el ave prehist\u00f3rica Hoatzin. Caminando alrededor del lago, caminar\u00e1 a trav\u00e9s del bosque inundable de sucesi\u00f3n temprana, mientras tanto, se le proporcionar\u00e1n algunas explicaciones sobre plantas medicinales, reptiles y mam\u00edferos, quiz\u00e1s los capibaras, el roedor m\u00e1s grande del mundo. caminando varias horas alrededor del lago observando caimanes, garzas, orop\u00e9ndolas, tucanes y monos hasta el atardecer.<\/p>\n<h2><span class=\"circle-day\">D\u00eda 03<\/span>Collpa de Loros \u2013 Shintuya &#8211; Aguas termales y cascadas \u2013 Comunidad Nativa Shipitiari.<\/h2>\n<p>Saldremos temprano en bote para visitar la gran Collpa de Loros para ver cientos de pericos y peque\u00f1os Guacamayos comiendo Sales Minerales. Despu\u00e9s del desayuno, recorreremos el r\u00edo alto Madre de Dios, la selva m\u00e1s profunda cerca de la Zona de Reservada del Manu, investigando una gran variedad de aves y mam\u00edferos, como los capibaras, el roedor m\u00e1s grande del mundo, el mono ardilla, el mart\u00edn pescador azul y verde, el vuitre real (Papa Scarcoramphus) que es el c\u00f3ndor m\u00e1s espectacular del r\u00edo Amazonas. cuando lleguemos a aguas termalesde Shintuya comenzaremos la caminata por la jungla hasta las cascadas de agua para disfrutar de las piscinas de agua natural y luego terminar\u00e1 con las aguas termomedicinales. Despu\u00e9s del almuerzo continuamos por el r\u00edo Madre de Dios hasta la Comunidad Nativa Shipitiari para interactuar con ellos y aprender su vida diaria, costumbres y tradiciones donde a\u00fan se conserva la aut\u00e9ntica familia Matsiguenka. por la tarde visitaremos el bosque inundable maduro a lo largo del borde del r\u00edo Manu investigando nutrias gigantes y caimanes, aves, monos, plantas medicinales y terminaremos con la caminata nocturna buscando tar\u00e1ntulas, saltamontes, serpientes, b\u00fahos, ranas y la hora de la cena en nuestro presente.<\/p>\n<h2><span class=\"circle-day\">D\u00eda 04<\/span>Comunidad Nativa Shipitiari \u2013 Exploraci\u00f3n Selva Primaria &#8211; Colpa de Tapires.<\/h2>\n<p>Hoy nos adentramos en las profundas tierras bajas del Amazonas: el bosque de tierra firme, donde tiene todo el d\u00eda para explorar el bosque primario, junto con enormes \u00e1rboles de ceiba, la madre de la selva peruana. A trav\u00e9s del Bosque Seco Tropical investigando guacamayos, tucanes, serpientes, tal vez un Jaguar (Panthera Onca) descansando en un tronco. Despu\u00e9s del almuerzo disfrutaremos de la curaci\u00f3n de la terapia de arcilla de la selva y nadaremos en el r\u00edo del Parque Nacional Manu. Siempre buscando algunas aves ex\u00f3ticas como trompeteros, tuc\u00e1nes, especialmente para los observadores de aves y buscando algunas familias de monos, pecar\u00edes, venados, el mono aullador rojo m\u00e1s grande, capuchino marr\u00f3n, mono ara\u00f1a, capuchino de frente blanca, tamarinos, mono choro. Despu\u00e9s de la cena, visitaremos la colpa de tapir, all\u00ed esperar\u00e1 frente a la piscina fangosa de sal para ver a los tapires comiendo sales minerales. en la collpa de tapires m\u00e1s activa de la Amazon\u00eda peruana. Quienes vienen a esta collpa para comer arcilla de debajo de las ra\u00edces de los \u00e1rboles alrededor del borde, quienes comen para neutralizar las toxinas en la dieta vegetariana. El Tapir es considerado el animal terrestre m\u00e1s grande de Am\u00e9rica del Sur. Esta Experiencia Tapir es \u00fanica y emocionante porque estas criaturas normalmente muy t\u00edmidas son visibles de cerca, esperaremos en silencio desde 30 minutos hasta dos o m\u00e1s horas, cuando llegue el primer Tapir, momento en el que su gu\u00eda tur\u00edstico lo despertar\u00e1 suavemente para observar el Tapir 10-20m \/ 33-66ft) debajo de la plataforma con suerte veremos animales durante la Caminata Nocturna, como ocelotes y b\u00fahos, luego camino de regreso al Lodge.<\/p>\n<h2><span class=\"circle-day\">D\u00eda 05<\/span> Shipitiari Lodge \u2013 Puerto Atalaya \u2013 Bosque Nuboso &#8211; Cusco.<\/h2>\n<p>Por la ma\u00f1ana temprano regresamos a lo largo del r\u00edo Manu investigando capibaras, tapires y muchas aves, disfrutando de nuestro sabroso desayuno en el bote hasta el puerto de Atalaya. Luego en una camioneta privada a Cusco. dejar cerca de la plaza principal. Aprox. 17:00.<\/p>","protected":false},"excerpt":{"rendered":"<p>D\u00eda 01Ciudad del Cusco &#8211; Bosque Nublado \u2013 Caminatas por la Selva &#8211; Pilcopata Lodge. Nuestras Expeditions a la selva comienza a las 6:00 a. m. a trav\u00e9s de los Andes desde la ciudad de Cusco, en una minivan privada, con Destination a la amazonia. Primer descanso para visitar las torres funerarias preincaicas del Sitio &hellip; <\/p>\n<p class=\"link-more\"><a href=\"https:\/\/www.amazontripperu.com\/es\/peru-tours\/amazon-tours\/manu-wildlife-tour-tapir-and-parrot-clay-lick-5-days\/\" class=\"more-link\">Continuar leyendo<span class=\"screen-reader-text\"> \u00abManu Wildlife Tour &#8211; Collpa de Tapir 5 Dias\u00bb<\/span><\/a><\/p>\n","protected":false},"author":3,"featured_media":3449,"parent":3065,"menu_order":0,"comment_status":"closed","ping_status":"closed","template":"page-templates\/tour-theme.php","meta":{"_acf_changed":false,"footnotes":""},"categories":[1,33],"tags":[49,48,47,46],"class_list":["post-2475","page","type-page","status-publish","has-post-thumbnail","hentry","category-all-tours","category-amazon-tours","tag-jungle-peru-tour","tag-manu-tour","tag-manu-trip","tag-manu-wildlife"],"acf":[],"_links":{"self":[{"href":"https:\/\/www.amazontripperu.com\/es\/wp-json\/wp\/v2\/pages\/2475","targetHints":{"allow":["GET"]}}],"collection":[{"href":"https:\/\/www.amazontripperu.com\/es\/wp-json\/wp\/v2\/pages"}],"about":[{"href":"https:\/\/www.amazontripperu.com\/es\/wp-json\/wp\/v2\/types\/page"}],"author":[{"embeddable":true,"href":"https:\/\/www.amazontripperu.com\/es\/wp-json\/wp\/v2\/users\/3"}],"replies":[{"embeddable":true,"href":"https:\/\/www.amazontripperu.com\/es\/wp-json\/wp\/v2\/comments?post=2475"}],"version-history":[{"count":5,"href":"https:\/\/www.amazontripperu.com\/es\/wp-json\/wp\/v2\/pages\/2475\/revisions"}],"predecessor-version":[{"id":3463,"href":"https:\/\/www.amazontripperu.com\/es\/wp-json\/wp\/v2\/pages\/2475\/revisions\/3463"}],"up":[{"embeddable":true,"href":"https:\/\/www.amazontripperu.com\/es\/wp-json\/wp\/v2\/pages\/3065"}],"wp:featuredmedia":[{"embeddable":true,"href":"https:\/\/www.amazontripperu.com\/es\/wp-json\/wp\/v2\/media\/3449"}],"wp:attachment":[{"href":"https:\/\/www.amazontripperu.com\/es\/wp-json\/wp\/v2\/media?parent=2475"}],"wp:term":[{"taxonomy":"category","embeddable":true,"href":"https:\/\/www.amazontripperu.com\/es\/wp-json\/wp\/v2\/categories?post=2475"},{"taxonomy":"post_tag","embeddable":true,"href":"https:\/\/www.amazontripperu.com\/es\/wp-json\/wp\/v2\/tags?post=2475"}],"curies":[{"name":"wp","href":"https:\/\/api.w.org\/{rel}","templated":true}]}}