{"id":2534,"date":"2021-04-29T11:58:34","date_gmt":"2021-04-29T14:28:34","guid":{"rendered":"https:\/\/www.amazontripperu.com\/?p=2534"},"modified":"2023-01-04T20:31:31","modified_gmt":"2023-01-04T23:01:31","slug":"trek-7-lakes-ausangate","status":"publish","type":"page","link":"https:\/\/www.amazontripperu.com\/es\/peru-tours\/day-trips-in-cusco\/trek-7-lakes-ausangate\/","title":{"rendered":"TREK 7 LAGUNAS AUSANGATE"},"content":{"rendered":"<p><strong>CUSCO \u2013 TINKI \u2013 PACCHANTA &#8211; AUSANGATE<\/strong><\/p>\n<p>\u00a1Nuestro Aventura a Ausangate comienza con el recojo de su hotel a las 5am !, 3 horas conduciendo a trav\u00e9s del Valle Sur. En el camino, hay incre\u00edbles vistas de las terrazas agr\u00edcolas incas, pueblos tradicionales, valles y picos alto andinos. Despu\u00e9s de un delicioso desayuno con incre\u00edbles vistas de la monta\u00f1a cubierta de nieve, este es un gran lugar para interactuar con la gente local, que a\u00fan mantiene viva la cultura tradicional quechua. Aprenda sobre su vestimenta tradicional y el significado de los diferentes sombreros que usan los hombres. \u00a1P\u00eddale a su gu\u00eda que le ense\u00f1e algunas palabras de quechua !, luego comenzaremos nuestra caminata por aproximadamente una hora y media cuesta arriba suavemente para llegar al primer lago. A su llegada, puede tomarse todo el tiempo que desee para sumergirse en las incre\u00edbles vistas de 360 \u200b\u200bgrados de las tierras circundantes y explorar los lagos, t\u00f3mate un tiempo para ti y disfruta realmente de la belleza de la naturaleza que te rodea. Realmente es un lugar m\u00e1gico A partir de ese punto, estaremos muy cerca de los otros seis lagos, y el camino se har\u00e1 m\u00e1s f\u00e1cil ya que ser\u00e1 en su mayor parte cuesta abajo o llano. Tendremos mucho tiempo para tomar fotos de los lagos y nevados. Luego disfrutar del almuerzo antes de partir de regreso a Cusco (3 horas). Este viaje memorable terminar\u00e1 en las aguas termales naturales donde podr\u00e1 relajarse despu\u00e9s de toda la experiencia. La hora de llegada de regreso a Cusco depender\u00e1 de cu\u00e1nto tiempo desee pasar en la monta\u00f1a Ausangate, pero normalmente regresamos alrededor de las 5.30 p.m. y lo dejamos en su hotel.<\/p>","protected":false},"excerpt":{"rendered":"<p>CUSCO \u2013 TINKI \u2013 PACCHANTA &#8211; AUSANGATE \u00a1Nuestro Aventura a Ausangate comienza con el recojo de su hotel a las 5am !, 3 horas conduciendo a trav\u00e9s del Valle Sur. En el camino, hay incre\u00edbles vistas de las terrazas agr\u00edcolas incas, pueblos tradicionales, valles y picos alto andinos. Despu\u00e9s de un delicioso desayuno con incre\u00edbles &hellip; <\/p>\n<p class=\"link-more\"><a href=\"https:\/\/www.amazontripperu.com\/es\/peru-tours\/day-trips-in-cusco\/trek-7-lakes-ausangate\/\" class=\"more-link\">Continuar leyendo<span class=\"screen-reader-text\"> \u00abTREK 7 LAGUNAS AUSANGATE\u00bb<\/span><\/a><\/p>\n","protected":false},"author":3,"featured_media":2535,"parent":3072,"menu_order":0,"comment_status":"closed","ping_status":"closed","template":"page-templates\/tour-theme.php","meta":{"_acf_changed":false,"footnotes":""},"categories":[1,42],"tags":[],"class_list":["post-2534","page","type-page","status-publish","has-post-thumbnail","hentry","category-all-tours","category-day-trips-cusco"],"acf":[],"_links":{"self":[{"href":"https:\/\/www.amazontripperu.com\/es\/wp-json\/wp\/v2\/pages\/2534","targetHints":{"allow":["GET"]}}],"collection":[{"href":"https:\/\/www.amazontripperu.com\/es\/wp-json\/wp\/v2\/pages"}],"about":[{"href":"https:\/\/www.amazontripperu.com\/es\/wp-json\/wp\/v2\/types\/page"}],"author":[{"embeddable":true,"href":"https:\/\/www.amazontripperu.com\/es\/wp-json\/wp\/v2\/users\/3"}],"replies":[{"embeddable":true,"href":"https:\/\/www.amazontripperu.com\/es\/wp-json\/wp\/v2\/comments?post=2534"}],"version-history":[{"count":5,"href":"https:\/\/www.amazontripperu.com\/es\/wp-json\/wp\/v2\/pages\/2534\/revisions"}],"predecessor-version":[{"id":3129,"href":"https:\/\/www.amazontripperu.com\/es\/wp-json\/wp\/v2\/pages\/2534\/revisions\/3129"}],"up":[{"embeddable":true,"href":"https:\/\/www.amazontripperu.com\/es\/wp-json\/wp\/v2\/pages\/3072"}],"wp:featuredmedia":[{"embeddable":true,"href":"https:\/\/www.amazontripperu.com\/es\/wp-json\/wp\/v2\/media\/2535"}],"wp:attachment":[{"href":"https:\/\/www.amazontripperu.com\/es\/wp-json\/wp\/v2\/media?parent=2534"}],"wp:term":[{"taxonomy":"category","embeddable":true,"href":"https:\/\/www.amazontripperu.com\/es\/wp-json\/wp\/v2\/categories?post=2534"},{"taxonomy":"post_tag","embeddable":true,"href":"https:\/\/www.amazontripperu.com\/es\/wp-json\/wp\/v2\/tags?post=2534"}],"curies":[{"name":"wp","href":"https:\/\/api.w.org\/{rel}","templated":true}]}}