{"id":2544,"date":"2021-04-29T12:21:47","date_gmt":"2021-04-29T14:51:47","guid":{"rendered":"https:\/\/www.amazontripperu.com\/?p=2544"},"modified":"2023-01-04T20:31:50","modified_gmt":"2023-01-04T23:01:50","slug":"tour-waqrapukara-1-dia","status":"publish","type":"page","link":"https:\/\/www.amazontripperu.com\/es\/peru-tours\/day-trips-in-cusco\/tour-waqrapukara-1-dia\/","title":{"rendered":"TOUR WAQRAPUKARA 1 DIA"},"content":{"rendered":"<p><strong>Cusco \u2013 Chuquicahuana \u2013 Acomayo \u2013 Waqrapukara -Cusco<\/strong><\/p>\n<p>El tour a waqrapukara empieza muy temprano con recojo desde su hotel entre las 4:00 a.m. y las 4:30 a.m. para iniciar un viaje en autom\u00f3vil de 2.5 horas hasta el pueblo de Marcaconga. Luego continuaremos hacia el distrito de Pitumarca donde disfrutaremos de un delicioso y nutritivo desayuno. Continuaremos por 30 minutos hacia Punta Carretera. All\u00ed tendremos unos minutos para organizar todas nuestras cosas y conseguir los \u00faltimos detalles para estar listos para comenzar nuestra excursi\u00f3n. Caminaremos durante 2 horas mientras observamos paisajes gloriosos con peque\u00f1os lagos glaciares. Una vez que lleguemos al mirador de Waqrapukara, nos detendremos para tomar las primeras fotos de esta incre\u00edble fortaleza encaramada al borde de un ca\u00f1\u00f3n. Luego descenderemos durante unos 40 minutos por un sendero empinado, al borde del acantilado, hasta el sitio arqueol\u00f3gico en s\u00ed mientras el r\u00edo Apur\u00edmac ruge debajo de nosotros, Waqrapukara Trek es una necesidad para cualquiera que desee visitar este impresionante sitio arqueol\u00f3gico antes de las multitudes lo descubren. Waqra es \u00abcuerno\u00bb en espa\u00f1ol. Pukara es equivalente a fuerza. Estos \u00abcuernos\u00bb se elevan a 4.300 metros sobre el nivel del mar, sobre un enorme barranco cubierto de bosques. El monumento arqueol\u00f3gico est\u00e1 rodeado de impresionantes plazuelas, plazas y un bosque de piedras que se asemejan a gigantes mitol\u00f3gicos que contemplan el paisaje andino.<\/p>\n<p>Tendremos una visita guiada para descubrir todos los misterios de este sitio arqueol\u00f3gico durante aproximadamente 1,5 horas. Puedes caminar por los restos de un templo, tomar fotos del incre\u00edble paisaje que forma el ca\u00f1\u00f3n, y descansar en los acantilados, bajo la sombra de los muros de piedra. Una vez que el grupo est\u00e9 listo, comenzaremos nuestro viaje de regreso. Caminaremos durante 3 horas antes de ser recogidos por nuestra movilidad. Llegaremos a la ciudad de Cusco aproximadamente a las 6:00 p.m.<\/p>","protected":false},"excerpt":{"rendered":"<p>Cusco \u2013 Chuquicahuana \u2013 Acomayo \u2013 Waqrapukara -Cusco El tour a waqrapukara empieza muy temprano con recojo desde su hotel entre las 4:00 a.m. y las 4:30 a.m. para iniciar un viaje en autom\u00f3vil de 2.5 horas hasta el pueblo de Marcaconga. Luego continuaremos hacia el distrito de Pitumarca donde disfrutaremos de un delicioso y &hellip; <\/p>\n<p class=\"link-more\"><a href=\"https:\/\/www.amazontripperu.com\/es\/peru-tours\/day-trips-in-cusco\/tour-waqrapukara-1-dia\/\" class=\"more-link\">Continuar leyendo<span class=\"screen-reader-text\"> \u00abTOUR WAQRAPUKARA 1 DIA\u00bb<\/span><\/a><\/p>\n","protected":false},"author":3,"featured_media":2546,"parent":3072,"menu_order":0,"comment_status":"closed","ping_status":"closed","template":"page-templates\/tour-theme.php","meta":{"_acf_changed":false,"footnotes":""},"categories":[1,42],"tags":[],"class_list":["post-2544","page","type-page","status-publish","has-post-thumbnail","hentry","category-all-tours","category-day-trips-cusco"],"acf":[],"_links":{"self":[{"href":"https:\/\/www.amazontripperu.com\/es\/wp-json\/wp\/v2\/pages\/2544","targetHints":{"allow":["GET"]}}],"collection":[{"href":"https:\/\/www.amazontripperu.com\/es\/wp-json\/wp\/v2\/pages"}],"about":[{"href":"https:\/\/www.amazontripperu.com\/es\/wp-json\/wp\/v2\/types\/page"}],"author":[{"embeddable":true,"href":"https:\/\/www.amazontripperu.com\/es\/wp-json\/wp\/v2\/users\/3"}],"replies":[{"embeddable":true,"href":"https:\/\/www.amazontripperu.com\/es\/wp-json\/wp\/v2\/comments?post=2544"}],"version-history":[{"count":5,"href":"https:\/\/www.amazontripperu.com\/es\/wp-json\/wp\/v2\/pages\/2544\/revisions"}],"predecessor-version":[{"id":3130,"href":"https:\/\/www.amazontripperu.com\/es\/wp-json\/wp\/v2\/pages\/2544\/revisions\/3130"}],"up":[{"embeddable":true,"href":"https:\/\/www.amazontripperu.com\/es\/wp-json\/wp\/v2\/pages\/3072"}],"wp:featuredmedia":[{"embeddable":true,"href":"https:\/\/www.amazontripperu.com\/es\/wp-json\/wp\/v2\/media\/2546"}],"wp:attachment":[{"href":"https:\/\/www.amazontripperu.com\/es\/wp-json\/wp\/v2\/media?parent=2544"}],"wp:term":[{"taxonomy":"category","embeddable":true,"href":"https:\/\/www.amazontripperu.com\/es\/wp-json\/wp\/v2\/categories?post=2544"},{"taxonomy":"post_tag","embeddable":true,"href":"https:\/\/www.amazontripperu.com\/es\/wp-json\/wp\/v2\/tags?post=2544"}],"curies":[{"name":"wp","href":"https:\/\/api.w.org\/{rel}","templated":true}]}}