{"id":2552,"date":"2021-04-29T12:44:15","date_gmt":"2021-04-29T15:14:15","guid":{"rendered":"https:\/\/www.amazontripperu.com\/?p=2552"},"modified":"2023-01-04T20:30:57","modified_gmt":"2023-01-04T23:00:57","slug":"south-valley-tour","status":"publish","type":"page","link":"https:\/\/www.amazontripperu.com\/es\/peru-tours\/day-trips-in-cusco\/south-valley-tour\/","title":{"rendered":"TOUR VALLE SUR"},"content":{"rendered":"<p><strong>CUSCO \u2013 TIP\u00d3N \u2013 PIQUILLACTA &#8211; ANDAHUAYLILLAS<\/strong><\/p>\n<p>Lo recogemos desde su hotel a las 8:00 am para dirigirnos hacia Andahuaylillas donde visitaremos la iglesia San Pedro de Andahuaylillas, considerada como la \u201cCapilla Sixtina de Am\u00e9rica\u201d. Fue construido por la orden de los jesuitas a finales del siglo XVI y los pr\u00edncipes del siglo XVII. Su estructura arquitect\u00f3nica es t\u00edpica de las iglesias de pueblo. Sus muros son anchos como todos los edificios coloniales, hechos de ladrillos de barro secados al sol (adobe), la fachada est\u00e1 decorada con magn\u00edficos murales y dos grandes columnas de piedra en la entrada principal. Luego de un tiempo de visitar la iglesia, continuamos con nuestro viaje hacia el sitio arqueol\u00f3gico Pre-Inca de Piquillacta, donde exploramos y disfrutamos de la enorme planificaci\u00f3n urbana de la cultura pre-Inca Wari rodeados de impresionantes monta\u00f1as y lagos.<\/p>\n<p>Luego continuamos nuestro viaje hacia el espectacular sitio arqueol\u00f3gico de Tip\u00f3n, donde veremos lo mejor del sistema de trabajo hidr\u00e1ulico de agua Inca. Finalmente, regresamos al pueblo de Tip\u00f3n, que es conocido por su plato tradicional (cuy al horno) de la regi\u00f3n del Cusco y uno de los v\u00ednculos directos entre la antigua cultura inca y la cultura quechua moderna. Luego retorno a Cusco.<\/p>","protected":false},"excerpt":{"rendered":"<p>CUSCO \u2013 TIP\u00d3N \u2013 PIQUILLACTA &#8211; ANDAHUAYLILLAS Lo recogemos desde su hotel a las 8:00 am para dirigirnos hacia Andahuaylillas donde visitaremos la iglesia San Pedro de Andahuaylillas, considerada como la \u201cCapilla Sixtina de Am\u00e9rica\u201d. Fue construido por la orden de los jesuitas a finales del siglo XVI y los pr\u00edncipes del siglo XVII. Su &hellip; <\/p>\n<p class=\"link-more\"><a href=\"https:\/\/www.amazontripperu.com\/es\/peru-tours\/day-trips-in-cusco\/south-valley-tour\/\" class=\"more-link\">Continuar leyendo<span class=\"screen-reader-text\"> \u00abTOUR VALLE SUR\u00bb<\/span><\/a><\/p>\n","protected":false},"author":3,"featured_media":2553,"parent":3072,"menu_order":0,"comment_status":"closed","ping_status":"closed","template":"page-templates\/tour-theme.php","meta":{"_acf_changed":false,"footnotes":""},"categories":[1,42],"tags":[],"class_list":["post-2552","page","type-page","status-publish","has-post-thumbnail","hentry","category-all-tours","category-day-trips-cusco"],"acf":[],"_links":{"self":[{"href":"https:\/\/www.amazontripperu.com\/es\/wp-json\/wp\/v2\/pages\/2552","targetHints":{"allow":["GET"]}}],"collection":[{"href":"https:\/\/www.amazontripperu.com\/es\/wp-json\/wp\/v2\/pages"}],"about":[{"href":"https:\/\/www.amazontripperu.com\/es\/wp-json\/wp\/v2\/types\/page"}],"author":[{"embeddable":true,"href":"https:\/\/www.amazontripperu.com\/es\/wp-json\/wp\/v2\/users\/3"}],"replies":[{"embeddable":true,"href":"https:\/\/www.amazontripperu.com\/es\/wp-json\/wp\/v2\/comments?post=2552"}],"version-history":[{"count":3,"href":"https:\/\/www.amazontripperu.com\/es\/wp-json\/wp\/v2\/pages\/2552\/revisions"}],"predecessor-version":[{"id":3128,"href":"https:\/\/www.amazontripperu.com\/es\/wp-json\/wp\/v2\/pages\/2552\/revisions\/3128"}],"up":[{"embeddable":true,"href":"https:\/\/www.amazontripperu.com\/es\/wp-json\/wp\/v2\/pages\/3072"}],"wp:featuredmedia":[{"embeddable":true,"href":"https:\/\/www.amazontripperu.com\/es\/wp-json\/wp\/v2\/media\/2553"}],"wp:attachment":[{"href":"https:\/\/www.amazontripperu.com\/es\/wp-json\/wp\/v2\/media?parent=2552"}],"wp:term":[{"taxonomy":"category","embeddable":true,"href":"https:\/\/www.amazontripperu.com\/es\/wp-json\/wp\/v2\/categories?post=2552"},{"taxonomy":"post_tag","embeddable":true,"href":"https:\/\/www.amazontripperu.com\/es\/wp-json\/wp\/v2\/tags?post=2552"}],"curies":[{"name":"wp","href":"https:\/\/api.w.org\/{rel}","templated":true}]}}