{"id":2564,"date":"2021-04-29T12:54:33","date_gmt":"2021-04-29T15:24:33","guid":{"rendered":"https:\/\/www.amazontripperu.com\/?p=2564"},"modified":"2023-01-04T20:30:33","modified_gmt":"2023-01-04T23:00:33","slug":"quad-biking-tour-atv-sacred-valley","status":"publish","type":"page","link":"https:\/\/www.amazontripperu.com\/es\/peru-tours\/day-trips-in-cusco\/quad-biking-tour-atv-sacred-valley\/","title":{"rendered":"TOUR CUATRIMOTOS VALLE SAGRADO"},"content":{"rendered":"<p>Te ofrecemos 2 rutas diferentes donde tambi\u00e9n tendr\u00e1s tiempo para visitar el sitio arqueol\u00f3gico de Moray (opcional), las Salinas (minas de sal), el peque\u00f1o pueblo de Maras y los lagos de la ruta. la mejor actividad de aventura en tu d\u00eda libre en Cusco.<\/p>\n<p><strong>CUSCO \u2013 CRUZPATA \u2013 MORAY \u2013 SALINERAS<\/strong><\/p>\n<p><strong>\u00a0<\/strong>El tour cuatrimoto Valle sagrado comienza con el recojo en su hotel en Cusco para llevarlo una hora en carro hasta nuestra base ubicado en Cruzpata, luego de una breve informaci\u00f3n sobre los cuatrimotos y seguridad, practicaremos 10 minutos, luego iniciamos El recorrido, estar\u00e1 cabalgando \u00a0aproximadamente 2 y 1\/2 a 3 horas, todo alrededor de la carretera, en el camino encontrar\u00e1 personas que est\u00e1n haciendo su vida diaria, pasaremos por lugares donde solo van pocas personas y donde la naturaleza le mostrar\u00e1 lo mejor que pueda imaginar; cada momento, cada vista te har\u00e1 sentir especial, en la ruta tambi\u00e9n podremos apreciar el sitio arqueol\u00f3gico de Moray (esta fue una especie de casa verde para los incas), tambi\u00e9n las m\u00e1s de 5000 fuentes de sal (SALINERAS) que se explotan hasta ahora para la gente local y tambi\u00e9n dos lagos (esto depender\u00e1 de la ruta que decida ir), luego regresaremos a nuestra base donde nuestro transporte lo estar\u00e1 esperando para traerlo de regreso a Cusco.<\/p>","protected":false},"excerpt":{"rendered":"<p>Te ofrecemos 2 rutas diferentes donde tambi\u00e9n tendr\u00e1s tiempo para visitar el sitio arqueol\u00f3gico de Moray (opcional), las Salinas (minas de sal), el peque\u00f1o pueblo de Maras y los lagos de la ruta. la mejor actividad de aventura en tu d\u00eda libre en Cusco. CUSCO \u2013 CRUZPATA \u2013 MORAY \u2013 SALINERAS \u00a0El tour cuatrimoto Valle &hellip; <\/p>\n<p class=\"link-more\"><a href=\"https:\/\/www.amazontripperu.com\/es\/peru-tours\/day-trips-in-cusco\/quad-biking-tour-atv-sacred-valley\/\" class=\"more-link\">Continuar leyendo<span class=\"screen-reader-text\"> \u00abTOUR CUATRIMOTOS VALLE SAGRADO\u00bb<\/span><\/a><\/p>\n","protected":false},"author":3,"featured_media":2567,"parent":3072,"menu_order":0,"comment_status":"closed","ping_status":"closed","template":"page-templates\/tour-theme.php","meta":{"_acf_changed":false,"footnotes":""},"categories":[1,42],"tags":[],"class_list":["post-2564","page","type-page","status-publish","has-post-thumbnail","hentry","category-all-tours","category-day-trips-cusco"],"acf":[],"_links":{"self":[{"href":"https:\/\/www.amazontripperu.com\/es\/wp-json\/wp\/v2\/pages\/2564","targetHints":{"allow":["GET"]}}],"collection":[{"href":"https:\/\/www.amazontripperu.com\/es\/wp-json\/wp\/v2\/pages"}],"about":[{"href":"https:\/\/www.amazontripperu.com\/es\/wp-json\/wp\/v2\/types\/page"}],"author":[{"embeddable":true,"href":"https:\/\/www.amazontripperu.com\/es\/wp-json\/wp\/v2\/users\/3"}],"replies":[{"embeddable":true,"href":"https:\/\/www.amazontripperu.com\/es\/wp-json\/wp\/v2\/comments?post=2564"}],"version-history":[{"count":4,"href":"https:\/\/www.amazontripperu.com\/es\/wp-json\/wp\/v2\/pages\/2564\/revisions"}],"predecessor-version":[{"id":3127,"href":"https:\/\/www.amazontripperu.com\/es\/wp-json\/wp\/v2\/pages\/2564\/revisions\/3127"}],"up":[{"embeddable":true,"href":"https:\/\/www.amazontripperu.com\/es\/wp-json\/wp\/v2\/pages\/3072"}],"wp:featuredmedia":[{"embeddable":true,"href":"https:\/\/www.amazontripperu.com\/es\/wp-json\/wp\/v2\/media\/2567"}],"wp:attachment":[{"href":"https:\/\/www.amazontripperu.com\/es\/wp-json\/wp\/v2\/media?parent=2564"}],"wp:term":[{"taxonomy":"category","embeddable":true,"href":"https:\/\/www.amazontripperu.com\/es\/wp-json\/wp\/v2\/categories?post=2564"},{"taxonomy":"post_tag","embeddable":true,"href":"https:\/\/www.amazontripperu.com\/es\/wp-json\/wp\/v2\/tags?post=2564"}],"curies":[{"name":"wp","href":"https:\/\/api.w.org\/{rel}","templated":true}]}}