{"id":29,"date":"2019-09-04T12:58:32","date_gmt":"2019-09-04T15:28:32","guid":{"rendered":"http:\/\/www.amazontripperu.com\/?p=29"},"modified":"2025-10-15T13:38:15","modified_gmt":"2025-10-15T16:08:15","slug":"manu-rainforest-tour-3-days","status":"publish","type":"page","link":"https:\/\/www.amazontripperu.com\/es\/peru-tours\/amazon-tours\/manu-rainforest-tour-3-days\/","title":{"rendered":"Manu Rainforest 3dias"},"content":{"rendered":"<p><\/p>\n<h2><span class=\"circle-day\">Dia 01<\/span> Cusco \u2013 Bosque De Nubes \u2013 Caminatas \u2013 Pilcopata Lodge.<\/h2>\n<p>Nuestro Amazon Tours comienza a las 6.00am a trav\u00e9s de los Andes desde la ciudad de Cusco, en una mini Van Privado, con destino a la Selva Tropical. Primera Visita las tumbas pre incas del sitio arqueol\u00f3gico de Ninamarca. Luego, cruzaremos el T\u00edpico y Pintoresco Pueblo de Paucartambo con una breve descripci\u00f3n de los estilos de vida y la ropa colorida de los locales, antes de la entrada al Parque Nacional Manu. Que tiene una altitud m\u00e1xima de 3,900 m \/ 12,790 pies. F. Desde ah\u00ed, pasaremos por la cuenca del Amazonas y el misterioso bosque de nubes lleno de orqu\u00eddeas, heliconias y helechos primitivos. Despu\u00e9s del almuerzo, veremos el Ave Nacional del Per\u00fa, el Gallito de la Rocas (Rupicola Peruviana), los Quetzales, el P\u00e1jaro Paraguas Amaz\u00f3nico, los Trogones (Trogon sp.), El mono m\u00e1s grande del Per\u00fa (monos choro), algunos Capuchinos Marrones y con suerte l \u00fanico Oso de Anteojos de Am\u00e9rica del Sur, para que pueda disfrutar viendo los paisajes de diferentes niveles de monta\u00f1as. Por la tarde, llegamos a la aldea de Pilcopata.<\/p>\n<h2><span class=\"circle-day\">Dia 02<\/span> Pilcopata &#8211; Manu Rainforest Lodge- Paseos En Bote &#8211; Caminatas &#8211; Lago Machuwasi.<\/h2>\n<p>Despertar\u00e1 con el canto de los p\u00e1jaros amaz\u00f3nicos a la hora del desayuno y luego continuaremos en furgoneta hasta el puerto de Atalaya, en el camino, nos detendremos para visitar las plantaciones de coca. Tambi\u00e9n hay una bonita vista para ver la Selva Tropical de tierras bajas. Luego navegaremos en bote a trav\u00e9s de este r\u00edo cristalino de Madre de Dios. Explorando la vida salvaje y el gran lago Machuhuasi Oxbow, donde tomaremos una balsa y veremos el ave prehist\u00f3rica Hoatzin y caminaremos por el bosque primario en busca de algunas familias de monos, pecar\u00edes, mientras tanto, se le proporcionar\u00e1n algunas explicaciones sobre plantas medicinales, reptiles y mam\u00edferos, tal vez Capibaras, el roedor m\u00e1s grande del mundo. Caminando varias horas por el lago observando caimanes, garzas, oropendolas, tucanes y monos hasta el atardecer. Despu\u00e9s de oscuros Paseos Nocturnos por la Jungla.<\/p>\n<h2><span class=\"circle-day\">Dia 03<\/span> Manu Rainforest Lodge\u2013 Collpa De Loros \u2013Full Caminatas &#8211; Atalaya \u2013 Bosque De Nubes \u2013 Cusco.<\/h2>\n<p>Saldremos temprano para visitar la gran Collpa De Loros para ver cientos de periquitos y peque\u00f1os guacamayos que comen sales minerales con Caminatas guiadas por la ma\u00f1ana a lo largo del Rio Manu para buscar los guacamayos y disfrutar de un sabroso desayuno y prepararse para empacar. Salimos de nuestro albergue a Atalaya en bote. Luego, en furgoneta privada a Cusco. Final del Tour cerca de la plaza principal. Aprox. 5pm.<\/p>","protected":false},"excerpt":{"rendered":"<p>Dia 01 Cusco \u2013 Bosque De Nubes \u2013 Caminatas \u2013 Pilcopata Lodge. Nuestro Amazon Tours comienza a las 6.00am a trav\u00e9s de los Andes desde la ciudad de Cusco, en una mini Van Privado, con destino a la Selva Tropical. Primera Visita las tumbas pre incas del sitio arqueol\u00f3gico de Ninamarca. Luego, cruzaremos el T\u00edpico &hellip; <\/p>\n<p class=\"link-more\"><a href=\"https:\/\/www.amazontripperu.com\/es\/peru-tours\/amazon-tours\/manu-rainforest-tour-3-days\/\" class=\"more-link\">Continuar leyendo<span class=\"screen-reader-text\"> \u00abManu Rainforest 3dias\u00bb<\/span><\/a><\/p>\n","protected":false},"author":1,"featured_media":3453,"parent":3065,"menu_order":0,"comment_status":"closed","ping_status":"closed","template":"page-templates\/tour-theme.php","meta":{"_acf_changed":false,"footnotes":""},"categories":[33],"tags":[],"class_list":["post-29","page","type-page","status-publish","has-post-thumbnail","hentry","category-amazon-tours"],"acf":[],"_links":{"self":[{"href":"https:\/\/www.amazontripperu.com\/es\/wp-json\/wp\/v2\/pages\/29","targetHints":{"allow":["GET"]}}],"collection":[{"href":"https:\/\/www.amazontripperu.com\/es\/wp-json\/wp\/v2\/pages"}],"about":[{"href":"https:\/\/www.amazontripperu.com\/es\/wp-json\/wp\/v2\/types\/page"}],"author":[{"embeddable":true,"href":"https:\/\/www.amazontripperu.com\/es\/wp-json\/wp\/v2\/users\/1"}],"replies":[{"embeddable":true,"href":"https:\/\/www.amazontripperu.com\/es\/wp-json\/wp\/v2\/comments?post=29"}],"version-history":[{"count":5,"href":"https:\/\/www.amazontripperu.com\/es\/wp-json\/wp\/v2\/pages\/29\/revisions"}],"predecessor-version":[{"id":3477,"href":"https:\/\/www.amazontripperu.com\/es\/wp-json\/wp\/v2\/pages\/29\/revisions\/3477"}],"up":[{"embeddable":true,"href":"https:\/\/www.amazontripperu.com\/es\/wp-json\/wp\/v2\/pages\/3065"}],"wp:featuredmedia":[{"embeddable":true,"href":"https:\/\/www.amazontripperu.com\/es\/wp-json\/wp\/v2\/media\/3453"}],"wp:attachment":[{"href":"https:\/\/www.amazontripperu.com\/es\/wp-json\/wp\/v2\/media?parent=29"}],"wp:term":[{"taxonomy":"category","embeddable":true,"href":"https:\/\/www.amazontripperu.com\/es\/wp-json\/wp\/v2\/categories?post=29"},{"taxonomy":"post_tag","embeddable":true,"href":"https:\/\/www.amazontripperu.com\/es\/wp-json\/wp\/v2\/tags?post=29"}],"curies":[{"name":"wp","href":"https:\/\/api.w.org\/{rel}","templated":true}]}}