{"id":3065,"date":"2023-01-04T15:42:39","date_gmt":"2023-01-04T18:12:39","guid":{"rendered":"https:\/\/www.amazontripperu.com\/?page_id=3065"},"modified":"2023-05-09T12:52:21","modified_gmt":"2023-05-09T15:22:21","slug":"amazon-tours","status":"publish","type":"page","link":"https:\/\/www.amazontripperu.com\/es\/peru-tours\/amazon-tours\/","title":{"rendered":"TOURS A LA AMAZONIA"},"content":{"rendered":"<p>Descubre los secretos de Am\u00e9rica del Sur Amazonas con nuestros tours amaz\u00f3nicos. Vive los vestigios de antiguas tribus, paisajes de otro mundo, fascinantes culturas ind\u00edgenas y el notable endemismo de las remotas selvas tropicales y ex\u00f3ticos santuarios de las \u00faltimas fronteras que quedan en el planeta.<\/p>","protected":false},"excerpt":{"rendered":"<p>Descubre los secretos de Am\u00e9rica del Sur Amazonas con nuestros tours amaz\u00f3nicos. Vive los vestigios de antiguas tribus, paisajes de otro mundo, fascinantes culturas ind\u00edgenas y el notable endemismo de las remotas selvas tropicales y ex\u00f3ticos santuarios de las \u00faltimas fronteras que quedan en el planeta.<\/p>\n","protected":false},"author":3,"featured_media":2749,"parent":3085,"menu_order":0,"comment_status":"closed","ping_status":"closed","template":"page-templates\/padre.php","meta":{"_acf_changed":false,"footnotes":""},"categories":[],"tags":[],"class_list":["post-3065","page","type-page","status-publish","has-post-thumbnail","hentry"],"acf":[],"_links":{"self":[{"href":"https:\/\/www.amazontripperu.com\/es\/wp-json\/wp\/v2\/pages\/3065","targetHints":{"allow":["GET"]}}],"collection":[{"href":"https:\/\/www.amazontripperu.com\/es\/wp-json\/wp\/v2\/pages"}],"about":[{"href":"https:\/\/www.amazontripperu.com\/es\/wp-json\/wp\/v2\/types\/page"}],"author":[{"embeddable":true,"href":"https:\/\/www.amazontripperu.com\/es\/wp-json\/wp\/v2\/users\/3"}],"replies":[{"embeddable":true,"href":"https:\/\/www.amazontripperu.com\/es\/wp-json\/wp\/v2\/comments?post=3065"}],"version-history":[{"count":5,"href":"https:\/\/www.amazontripperu.com\/es\/wp-json\/wp\/v2\/pages\/3065\/revisions"}],"predecessor-version":[{"id":3220,"href":"https:\/\/www.amazontripperu.com\/es\/wp-json\/wp\/v2\/pages\/3065\/revisions\/3220"}],"up":[{"embeddable":true,"href":"https:\/\/www.amazontripperu.com\/es\/wp-json\/wp\/v2\/pages\/3085"}],"wp:featuredmedia":[{"embeddable":true,"href":"https:\/\/www.amazontripperu.com\/es\/wp-json\/wp\/v2\/media\/2749"}],"wp:attachment":[{"href":"https:\/\/www.amazontripperu.com\/es\/wp-json\/wp\/v2\/media?parent=3065"}],"wp:term":[{"taxonomy":"category","embeddable":true,"href":"https:\/\/www.amazontripperu.com\/es\/wp-json\/wp\/v2\/categories?post=3065"},{"taxonomy":"post_tag","embeddable":true,"href":"https:\/\/www.amazontripperu.com\/es\/wp-json\/wp\/v2\/tags?post=3065"}],"curies":[{"name":"wp","href":"https:\/\/api.w.org\/{rel}","templated":true}]}}