{"id":3072,"date":"2023-01-04T17:16:51","date_gmt":"2023-01-04T19:46:51","guid":{"rendered":"https:\/\/www.amazontripperu.com\/?page_id=3072"},"modified":"2023-01-04T17:56:28","modified_gmt":"2023-01-04T20:26:28","slug":"day-trips-in-cusco","status":"publish","type":"page","link":"https:\/\/www.amazontripperu.com\/es\/peru-tours\/day-trips-in-cusco\/","title":{"rendered":"EXCURSIONES DE UN DIA EN CUSCO"},"content":{"rendered":"<p>Disfrute de tours de d\u00eda completo por Cusco. Visite centros arqueol\u00f3gicos incas, Tip\u00f3n, Pikillacta, Moray, Maras, caminata Ausangate, monta\u00f1a Arco\u00edris. Todo en un d\u00eda.<\/p>","protected":false},"excerpt":{"rendered":"<p>Disfrute de tours de d\u00eda completo por Cusco. Visite centros arqueol\u00f3gicos incas, Tip\u00f3n, Pikillacta, Moray, Maras, caminata Ausangate, monta\u00f1a Arco\u00edris. Todo en un d\u00eda.<\/p>\n","protected":false},"author":3,"featured_media":2634,"parent":3085,"menu_order":0,"comment_status":"closed","ping_status":"closed","template":"page-templates\/padre.php","meta":{"_acf_changed":false,"footnotes":""},"categories":[],"tags":[],"class_list":["post-3072","page","type-page","status-publish","has-post-thumbnail","hentry"],"acf":[],"_links":{"self":[{"href":"https:\/\/www.amazontripperu.com\/es\/wp-json\/wp\/v2\/pages\/3072","targetHints":{"allow":["GET"]}}],"collection":[{"href":"https:\/\/www.amazontripperu.com\/es\/wp-json\/wp\/v2\/pages"}],"about":[{"href":"https:\/\/www.amazontripperu.com\/es\/wp-json\/wp\/v2\/types\/page"}],"author":[{"embeddable":true,"href":"https:\/\/www.amazontripperu.com\/es\/wp-json\/wp\/v2\/users\/3"}],"replies":[{"embeddable":true,"href":"https:\/\/www.amazontripperu.com\/es\/wp-json\/wp\/v2\/comments?post=3072"}],"version-history":[{"count":4,"href":"https:\/\/www.amazontripperu.com\/es\/wp-json\/wp\/v2\/pages\/3072\/revisions"}],"predecessor-version":[{"id":3076,"href":"https:\/\/www.amazontripperu.com\/es\/wp-json\/wp\/v2\/pages\/3072\/revisions\/3076"}],"up":[{"embeddable":true,"href":"https:\/\/www.amazontripperu.com\/es\/wp-json\/wp\/v2\/pages\/3085"}],"wp:featuredmedia":[{"embeddable":true,"href":"https:\/\/www.amazontripperu.com\/es\/wp-json\/wp\/v2\/media\/2634"}],"wp:attachment":[{"href":"https:\/\/www.amazontripperu.com\/es\/wp-json\/wp\/v2\/media?parent=3072"}],"wp:term":[{"taxonomy":"category","embeddable":true,"href":"https:\/\/www.amazontripperu.com\/es\/wp-json\/wp\/v2\/categories?post=3072"},{"taxonomy":"post_tag","embeddable":true,"href":"https:\/\/www.amazontripperu.com\/es\/wp-json\/wp\/v2\/tags?post=3072"}],"curies":[{"name":"wp","href":"https:\/\/api.w.org\/{rel}","templated":true}]}}