{"id":68,"date":"2017-04-19T20:29:09","date_gmt":"2017-04-19T20:29:09","guid":{"rendered":"http:\/\/www.amazontripperu.com\/?page_id=68"},"modified":"2023-01-17T21:41:49","modified_gmt":"2023-01-18T00:11:49","slug":"terms-conditions","status":"publish","type":"page","link":"https:\/\/www.amazontripperu.com\/es\/terms-conditions\/","title":{"rendered":"Terminos y Condiciones"},"content":{"rendered":"<p><\/p>\n<h2 style=\"text-align: center;\">TERMINOS Y CONDICIONES DE AMAZON TRIP PERU<\/h2>\n<h3 style=\"text-align: justify;\">PAGOS Y RESERVAS:<\/h3>\n<p style=\"text-align: justify;\">Para confirmar su reserva, el pasajero deber\u00e1 enviar una lista de datos personales como nombre completo, nacionalidad, n\u00famero de pasaporte, fecha de nacimiento, ocupaci\u00f3n y tipo de alimentaci\u00f3n. Tambi\u00e9n necesitamos al menos un 50% del costo total del viaje. Despu\u00e9s de recibir el pago confirmaremos todas las entradas entradas. A continuaci\u00f3n, recibir\u00e1 de nosotros una factura de confirmaci\u00f3n de reserva. El monto restante debe ser entregado al menos 30 d\u00edas antes del inicio del tour en nuestra oficina de cusco.<\/p>\n<p style=\"text-align: justify;\">Si desea reservar un tour dentro de los 30 d\u00edas desde su inicio, entonces tendr\u00e1 que pagar el precio total del tour, lo que significa el 100% de la cantidad.<\/p>\n<p style=\"text-align: justify;\">Sin un pago confirmado no hay ninguna reclamaci\u00f3n legal o derecho de su parte para beneficiarse o acceder a los servicios de viaje acordados.<\/p>\n<h3 style=\"text-align: justify;\">SERVICIOS:<\/h3>\n<p style=\"text-align: justify;\">En nuestro recorrido aparecen en la descripci\u00f3n todos los servicios que obtendr\u00e1 en su recorrido.<br \/>\nUna vez que obtenga nuestra confirmaci\u00f3n de la reserva nos comprometemos a ofrecerle todo lo que en su programa aparece. Podr\u00eda ser que por razones inesperadas (huelgas, clima, etc.) nos vemos obligados a cambiar su plan. Tambi\u00e9n tienen que recordar que no es posible garantizar la presencia de la fauna. Por supuesto nuestro gu\u00eda har\u00e1 lo mejor para mostrarlo. Los equipos de cada pasajero se tomar\u00e1n por su propio riesgo.<\/p>\n<h3 style=\"text-align: justify;\">RESPONSABILIDADES:<\/h3>\n<p style=\"text-align: justify;\">En todos los servicios de viaje AMAZON TRIP PERU act\u00faa en nombre de sus clientes. Pero en ciertas circunstancias como transporte, alojamiento en hotel u otros servicios tur\u00edsticos reservados en los que no tenemos responsabilidad directa; Como: p\u00e9rdidas, retrasos o interferencias con la gira debido a una huelga, problemas clim\u00e1ticos, violencia u otros incidentes que no est\u00e1n dentro de nuestra responsabilidad, no podemos asumir ninguna responsabilidad adicional. En este caso, con mucho gusto le ayudaremos a organizar una soluci\u00f3n acordada a la situaci\u00f3n para mantener su plan de viaje intacto como sea posible.<\/p>\n<p style=\"text-align: justify;\">Si el cliente experimenta un defecto en su viaje reservado, debe notificarlo inmediatamente a AMAZON TRIP PERU. Si el cliente no desea aceptar la soluci\u00f3n \/ soluci\u00f3n acordada con la agencia, desafortunadamente, no tiene derecho a ninguna otra compensaci\u00f3n.<\/p>\n<h3 style=\"text-align: justify;\">CANCELACIONES:<\/h3>\n<p style=\"text-align: justify;\">En caso de cancelaci\u00f3n del viaje, se cobrar\u00e1n los siguientes gastos para cubrir los servicios no reembolsables:<\/p>\n<h3 style=\"text-align: justify;\">Servicios no utilizados: (No show)<\/h3>\n<p style=\"text-align: justify;\">Si usted no puede tomar algunos servicios de viaje como resultado de regreso temprano, enfermedad u otras razones, AMAZON TRIP PERU se esforzar\u00e1 por reembolsar los gastos ahorrados, si es posible. Este esfuerzo no es necesario si los servicios son insignificantes o si un reembolso es contrario a las regulaciones legales o oficiales.<\/p>\n<p style=\"text-align: justify;\">* No se usan boletos para manu park, comida, boletos de bus, hoteles, transferencias no pueden ser devueltos.<\/p>\n<p style=\"text-align: justify;\"><em><strong>* Cancelaciones \/ cambios de hoteles:<\/strong><\/em><\/p>\n<p style=\"text-align: justify;\">Si ha reservado un hotel \/ albergue con nosotros y quiere cambiar su reserva de hotel, debe ponerse en contacto con nosotros por lo menos 45 d\u00edas antes de que comience el tour (en el caso de grupos), y 30 d\u00edas antes de que comience el tour en el caso de Reservas individuales. De lo contrario, se cobrar\u00e1n cargos adicionales y no podemos garantizar la disponibilidad o confirmar si el cambio solicitado ser\u00e1 posible.<\/p>\n<h3 style=\"text-align: justify;\">PRECAUCIONES DE SALUD Y CLIMA<\/h3>\n<p style=\"text-align: justify;\">Antes de viajar a Per\u00fa consultar con su m\u00e9dico. Si planeas visitar la Reserva del Manu, necesitar\u00e1 la vacuna contra la fiebre amarilla. Los casos de malaria no se han registrado en esta zona por lo que las precauciones para tomar son opcionales. Es importante recordar que las excursiones lo llevan a la remota y habitada llanura amaz\u00f3nica por lo que debe estar preparado para renunciar a las comodidades de su casa.<\/p>\n<p style=\"text-align: justify;\">El \u00e1rea tiene una amplia gama de climas, desde los Andes fr\u00edos y secos hasta la selva amaz\u00f3nica h\u00fameda y c\u00e1lida. Durante el a\u00f1o son dos \u00e9pocas bien marcadas. La \u00e9poca de lluvias de enero a abril, cuando las lluvias son mayores. Y la \u00e9poca seca de mayo a diciembre, cuando la temperatura disminuye y las lluvias disminuyen. La precipitaci\u00f3n fluvial en la llanura amaz\u00f3nica es aproximadamente de 2500 a 4.000 mm anuales. Las diferentes temperaturas entre 15 \u00b0 C (59 \u00b0 F y 35C), generalmente siempre h\u00famedo y c\u00e1lido, encerrado en las noches baja incluso 11 \u00b0 C (52 \u00b0 F).<\/p>\n<p><\/p>","protected":false},"excerpt":{"rendered":"<p>TERMINOS Y CONDICIONES DE AMAZON TRIP PERU PAGOS Y RESERVAS: Para confirmar su reserva, el pasajero deber\u00e1 enviar una lista de datos personales como nombre completo, nacionalidad, n\u00famero de pasaporte, fecha de nacimiento, ocupaci\u00f3n y tipo de alimentaci\u00f3n. Tambi\u00e9n necesitamos al menos un 50% del costo total del viaje. Despu\u00e9s de recibir el pago confirmaremos &hellip; <\/p>\n<p class=\"link-more\"><a href=\"https:\/\/www.amazontripperu.com\/es\/terms-conditions\/\" class=\"more-link\">Continuar leyendo<span class=\"screen-reader-text\"> \u00abTerminos y Condiciones\u00bb<\/span><\/a><\/p>\n","protected":false},"author":1,"featured_media":3176,"parent":0,"menu_order":0,"comment_status":"closed","ping_status":"closed","template":"","meta":{"_acf_changed":false,"footnotes":""},"categories":[],"tags":[],"class_list":["post-68","page","type-page","status-publish","has-post-thumbnail","hentry"],"acf":[],"_links":{"self":[{"href":"https:\/\/www.amazontripperu.com\/es\/wp-json\/wp\/v2\/pages\/68","targetHints":{"allow":["GET"]}}],"collection":[{"href":"https:\/\/www.amazontripperu.com\/es\/wp-json\/wp\/v2\/pages"}],"about":[{"href":"https:\/\/www.amazontripperu.com\/es\/wp-json\/wp\/v2\/types\/page"}],"author":[{"embeddable":true,"href":"https:\/\/www.amazontripperu.com\/es\/wp-json\/wp\/v2\/users\/1"}],"replies":[{"embeddable":true,"href":"https:\/\/www.amazontripperu.com\/es\/wp-json\/wp\/v2\/comments?post=68"}],"version-history":[{"count":3,"href":"https:\/\/www.amazontripperu.com\/es\/wp-json\/wp\/v2\/pages\/68\/revisions"}],"predecessor-version":[{"id":3184,"href":"https:\/\/www.amazontripperu.com\/es\/wp-json\/wp\/v2\/pages\/68\/revisions\/3184"}],"wp:featuredmedia":[{"embeddable":true,"href":"https:\/\/www.amazontripperu.com\/es\/wp-json\/wp\/v2\/media\/3176"}],"wp:attachment":[{"href":"https:\/\/www.amazontripperu.com\/es\/wp-json\/wp\/v2\/media?parent=68"}],"wp:term":[{"taxonomy":"category","embeddable":true,"href":"https:\/\/www.amazontripperu.com\/es\/wp-json\/wp\/v2\/categories?post=68"},{"taxonomy":"post_tag","embeddable":true,"href":"https:\/\/www.amazontripperu.com\/es\/wp-json\/wp\/v2\/tags?post=68"}],"curies":[{"name":"wp","href":"https:\/\/api.w.org\/{rel}","templated":true}]}}